{"id":821,"date":"2026-01-13T08:58:27","date_gmt":"2026-01-13T08:58:27","guid":{"rendered":"https:\/\/sprintri.com\/?page_id=821"},"modified":"2026-01-13T09:51:36","modified_gmt":"2026-01-13T09:51:36","slug":"nous-rejoindre","status":"publish","type":"page","link":"https:\/\/sprintri.com\/index.php\/nous-rejoindre\/","title":{"rendered":"Nous rejoindre"},"content":{"rendered":"\n<hr class=\"wp-block-separator has-css-opacity is-style-default\"\/>\n\n\n\n<blockquote class=\"wp-block-quote has-text-align-center is-style-large is-layout-flow wp-block-quote-is-layout-flow\">\n<p>\u00ab\u00a0Ce sont les moments partag\u00e9s qui donnent du sens \u00e0 l&rsquo;\u00e9v\u00e8nement, transforment les rencontres en liens et les instants en souvenirs durables.\u00a0\u00bb<\/p>\n<cite>\u2014 L&rsquo;\u00e9quipe Sprintri<\/cite><\/blockquote>\n\n\n\n<hr class=\"wp-block-separator has-css-opacity is-style-default\"\/>\n\n\n\n<div class=\"wp-block-cover alignfull\" style=\"min-height:500px;aspect-ratio:unset;\"><img loading=\"lazy\" decoding=\"async\" width=\"1024\" height=\"683\" class=\"wp-block-cover__image-background wp-image-826 size-large\" alt=\"\" src=\"https:\/\/sprintri.com\/wp-content\/uploads\/2026\/01\/SPRINTRI-423-1-1024x683.jpg\" style=\"object-position:56% 56%\" data-object-fit=\"cover\" data-object-position=\"56% 56%\" srcset=\"https:\/\/sprintri.com\/wp-content\/uploads\/2026\/01\/SPRINTRI-423-1-1024x683.jpg 1024w, https:\/\/sprintri.com\/wp-content\/uploads\/2026\/01\/SPRINTRI-423-1-300x200.jpg 300w, https:\/\/sprintri.com\/wp-content\/uploads\/2026\/01\/SPRINTRI-423-1-768x512.jpg 768w, https:\/\/sprintri.com\/wp-content\/uploads\/2026\/01\/SPRINTRI-423-1-930x620.jpg 930w, https:\/\/sprintri.com\/wp-content\/uploads\/2026\/01\/SPRINTRI-423-1.jpg 1200w\" sizes=\"auto, (max-width: 1024px) 100vw, 1024px\" \/><span aria-hidden=\"true\" class=\"wp-block-cover__background has-nv-dark-bg-background-color has-background-dim-70 has-background-dim\"><\/span><div class=\"wp-block-cover__inner-container is-layout-flow wp-block-cover-is-layout-flow\">\n<div class=\"wp-block-columns alignwide is-layout-flex wp-container-core-columns-is-layout-9d6595d7 wp-block-columns-is-layout-flex\">\n<div class=\"wp-block-column is-vertically-aligned-center is-layout-flow wp-block-column-is-layout-flow\" style=\"flex-basis:66.66%\">\n<h1 class=\"wp-block-heading has-text-align-left has-nv-site-bg-color has-text-color\">MOTO<\/h1>\n\n\n\n<p class=\"has-text-align-left has-neve-link-color-color has-text-color\"><\/p>\n\n\n\n<div class=\"wp-block-buttons is-horizontal is-content-justification-left is-layout-flex wp-container-core-buttons-is-layout-7e5fce0a wp-block-buttons-is-layout-flex\">\n<div class=\"wp-block-button is-style-primary\"><a class=\"wp-block-button__link has-neve-link-hover-color-color has-nv-site-bg-background-color has-text-color has-background has-link-color wp-element-button\" href=\"https:\/\/forms.gle\/8Uw1UucRkD1tcSRLA\">REMPLIR LE FORMULAIRE<\/a><\/div>\n<\/div>\n<\/div>\n\n\n\n<div class=\"wp-block-column is-layout-flow wp-block-column-is-layout-flow\" style=\"flex-basis:33.33%\"><\/div>\n<\/div>\n<\/div><\/div>\n\n\n\n<div style=\"height:100px\" aria-hidden=\"true\" class=\"wp-block-spacer\"><\/div>\n\n\n\n<div class=\"wp-block-cover alignfull\" style=\"min-height:500px;aspect-ratio:unset;\"><img loading=\"lazy\" decoding=\"async\" width=\"1024\" height=\"683\" class=\"wp-block-cover__image-background wp-image-831 size-large\" alt=\"\" src=\"https:\/\/sprintri.com\/wp-content\/uploads\/2026\/01\/SPRINTRI-478-1024x683.jpg\" style=\"object-position:42% 53%\" data-object-fit=\"cover\" data-object-position=\"42% 53%\" srcset=\"https:\/\/sprintri.com\/wp-content\/uploads\/2026\/01\/SPRINTRI-478-1024x683.jpg 1024w, https:\/\/sprintri.com\/wp-content\/uploads\/2026\/01\/SPRINTRI-478-300x200.jpg 300w, https:\/\/sprintri.com\/wp-content\/uploads\/2026\/01\/SPRINTRI-478-768x512.jpg 768w, https:\/\/sprintri.com\/wp-content\/uploads\/2026\/01\/SPRINTRI-478-930x620.jpg 930w, https:\/\/sprintri.com\/wp-content\/uploads\/2026\/01\/SPRINTRI-478.jpg 1200w\" sizes=\"auto, (max-width: 1024px) 100vw, 1024px\" \/><span aria-hidden=\"true\" class=\"wp-block-cover__background has-nv-dark-bg-background-color has-background-dim-70 has-background-dim\"><\/span><div class=\"wp-block-cover__inner-container is-layout-flow wp-block-cover-is-layout-flow\">\n<div class=\"wp-block-columns alignwide is-layout-flex wp-container-core-columns-is-layout-9d6595d7 wp-block-columns-is-layout-flex\">\n<div class=\"wp-block-column is-layout-flow wp-block-column-is-layout-flow\" style=\"flex-basis:33.33%\"><\/div>\n\n\n\n<div class=\"wp-block-column is-vertically-aligned-center is-layout-flow wp-block-column-is-layout-flow\" style=\"flex-basis:66.66%\">\n<h1 class=\"wp-block-heading has-text-align-right has-nv-site-bg-color has-text-color\">BENEVOLE<\/h1>\n\n\n\n<p class=\"has-text-align-right has-neve-link-color-color has-text-color\"><\/p>\n\n\n\n<div class=\"wp-block-buttons is-horizontal is-content-justification-right is-layout-flex wp-container-core-buttons-is-layout-ae2fe186 wp-block-buttons-is-layout-flex\">\n<div class=\"wp-block-button is-style-primary\"><a class=\"wp-block-button__link has-neve-link-hover-color-color has-nv-site-bg-background-color has-text-color has-background has-link-color wp-element-button\" href=\"https:\/\/forms.gle\/T9NpACzHiM4MEUyu8\">REMPLIR LE FORMULAIRE<\/a><\/div>\n<\/div>\n<\/div>\n<\/div>\n<\/div><\/div>\n\n\n\n<p><\/p>\n","protected":false},"excerpt":{"rendered":"<p>\u00ab\u00a0Ce sont les moments partag\u00e9s qui donnent du sens \u00e0 l&rsquo;\u00e9v\u00e8nement, transforment les rencontres en liens et les instants en souvenirs durables.\u00a0\u00bb \u2014 L&rsquo;\u00e9quipe Sprintri<\/p>\n","protected":false},"author":2,"featured_media":0,"parent":0,"menu_order":0,"comment_status":"closed","ping_status":"closed","template":"","meta":{"neve_meta_sidebar":"","neve_meta_container":"","neve_meta_enable_content_width":"","neve_meta_content_width":0,"neve_meta_title_alignment":"","neve_meta_author_avatar":"","neve_post_elements_order":"","neve_meta_disable_header":"","neve_meta_disable_footer":"","neve_meta_disable_title":"","_themeisle_gutenberg_block_has_review":false,"footnotes":""},"class_list":["post-821","page","type-page","status-publish","hentry"],"yoast_head":"<!-- This site is optimized with the Yoast SEO plugin v25.9 - https:\/\/yoast.com\/wordpress\/plugins\/seo\/ -->\n<title>Nous rejoindre - SPRINTRI\u00ae<\/title>\n<meta name=\"robots\" content=\"index, follow, max-snippet:-1, max-image-preview:large, max-video-preview:-1\" \/>\n<link rel=\"canonical\" href=\"https:\/\/sprintri.com\/index.php\/nous-rejoindre\/\" \/>\n<meta property=\"og:locale\" content=\"fr_FR\" \/>\n<meta property=\"og:type\" content=\"article\" \/>\n<meta property=\"og:title\" content=\"Nous rejoindre - SPRINTRI\u00ae\" \/>\n<meta property=\"og:description\" content=\"\u00ab\u00a0Ce sont les moments partag\u00e9s qui donnent du sens \u00e0 l&rsquo;\u00e9v\u00e8nement, transforment les rencontres en liens et les instants en souvenirs durables.\u00a0\u00bb \u2014 L&rsquo;\u00e9quipe Sprintri\" \/>\n<meta property=\"og:url\" content=\"https:\/\/sprintri.com\/index.php\/nous-rejoindre\/\" \/>\n<meta property=\"og:site_name\" content=\"SPRINTRI\u00ae\" \/>\n<meta property=\"article:modified_time\" content=\"2026-01-13T09:51:36+00:00\" \/>\n<meta property=\"og:image\" content=\"https:\/\/sprintri.com\/wp-content\/uploads\/2026\/01\/SPRINTRI-423-1.jpg\" \/>\n\t<meta property=\"og:image:width\" content=\"1200\" \/>\n\t<meta property=\"og:image:height\" content=\"800\" \/>\n\t<meta property=\"og:image:type\" content=\"image\/jpeg\" \/>\n<meta name=\"twitter:card\" content=\"summary_large_image\" \/>\n<meta name=\"twitter:label1\" content=\"Dur\u00e9e de lecture estim\u00e9e\" \/>\n\t<meta name=\"twitter:data1\" content=\"1 minute\" \/>\n<script type=\"application\/ld+json\" class=\"yoast-schema-graph\">{\"@context\":\"https:\/\/schema.org\",\"@graph\":[{\"@type\":\"WebPage\",\"@id\":\"https:\/\/sprintri.com\/index.php\/nous-rejoindre\/\",\"url\":\"https:\/\/sprintri.com\/index.php\/nous-rejoindre\/\",\"name\":\"Nous rejoindre - SPRINTRI\u00ae\",\"isPartOf\":{\"@id\":\"https:\/\/sprintri.com\/#website\"},\"primaryImageOfPage\":{\"@id\":\"https:\/\/sprintri.com\/index.php\/nous-rejoindre\/#primaryimage\"},\"image\":{\"@id\":\"https:\/\/sprintri.com\/index.php\/nous-rejoindre\/#primaryimage\"},\"thumbnailUrl\":\"https:\/\/sprintri.com\/wp-content\/uploads\/2026\/01\/SPRINTRI-423-1-1024x683.jpg\",\"datePublished\":\"2026-01-13T08:58:27+00:00\",\"dateModified\":\"2026-01-13T09:51:36+00:00\",\"breadcrumb\":{\"@id\":\"https:\/\/sprintri.com\/index.php\/nous-rejoindre\/#breadcrumb\"},\"inLanguage\":\"fr-FR\",\"potentialAction\":[{\"@type\":\"ReadAction\",\"target\":[\"https:\/\/sprintri.com\/index.php\/nous-rejoindre\/\"]}]},{\"@type\":\"ImageObject\",\"inLanguage\":\"fr-FR\",\"@id\":\"https:\/\/sprintri.com\/index.php\/nous-rejoindre\/#primaryimage\",\"url\":\"https:\/\/sprintri.com\/wp-content\/uploads\/2026\/01\/SPRINTRI-423-1.jpg\",\"contentUrl\":\"https:\/\/sprintri.com\/wp-content\/uploads\/2026\/01\/SPRINTRI-423-1.jpg\",\"width\":1200,\"height\":800},{\"@type\":\"BreadcrumbList\",\"@id\":\"https:\/\/sprintri.com\/index.php\/nous-rejoindre\/#breadcrumb\",\"itemListElement\":[{\"@type\":\"ListItem\",\"position\":1,\"name\":\"Accueil\",\"item\":\"https:\/\/sprintri.com\/\"},{\"@type\":\"ListItem\",\"position\":2,\"name\":\"Nous rejoindre\"}]},{\"@type\":\"WebSite\",\"@id\":\"https:\/\/sprintri.com\/#website\",\"url\":\"https:\/\/sprintri.com\/\",\"name\":\"Sprintri.com\",\"description\":\"\",\"publisher\":{\"@id\":\"https:\/\/sprintri.com\/#organization\"},\"potentialAction\":[{\"@type\":\"SearchAction\",\"target\":{\"@type\":\"EntryPoint\",\"urlTemplate\":\"https:\/\/sprintri.com\/?s={search_term_string}\"},\"query-input\":{\"@type\":\"PropertyValueSpecification\",\"valueRequired\":true,\"valueName\":\"search_term_string\"}}],\"inLanguage\":\"fr-FR\"},{\"@type\":\"Organization\",\"@id\":\"https:\/\/sprintri.com\/#organization\",\"name\":\"Sprintri\",\"url\":\"https:\/\/sprintri.com\/\",\"logo\":{\"@type\":\"ImageObject\",\"inLanguage\":\"fr-FR\",\"@id\":\"https:\/\/sprintri.com\/#\/schema\/logo\/image\/\",\"url\":\"https:\/\/sprintri.com\/wp-content\/uploads\/2025\/09\/logo-sprintri-base-blanc.png\",\"contentUrl\":\"https:\/\/sprintri.com\/wp-content\/uploads\/2025\/09\/logo-sprintri-base-blanc.png\",\"width\":1500,\"height\":370,\"caption\":\"Sprintri\"},\"image\":{\"@id\":\"https:\/\/sprintri.com\/#\/schema\/logo\/image\/\"}}]}<\/script>\n<!-- \/ Yoast SEO plugin. -->","yoast_head_json":{"title":"Nous rejoindre - SPRINTRI\u00ae","robots":{"index":"index","follow":"follow","max-snippet":"max-snippet:-1","max-image-preview":"max-image-preview:large","max-video-preview":"max-video-preview:-1"},"canonical":"https:\/\/sprintri.com\/index.php\/nous-rejoindre\/","og_locale":"fr_FR","og_type":"article","og_title":"Nous rejoindre - SPRINTRI\u00ae","og_description":"\u00ab\u00a0Ce sont les moments partag\u00e9s qui donnent du sens \u00e0 l&rsquo;\u00e9v\u00e8nement, transforment les rencontres en liens et les instants en souvenirs durables.\u00a0\u00bb \u2014 L&rsquo;\u00e9quipe Sprintri","og_url":"https:\/\/sprintri.com\/index.php\/nous-rejoindre\/","og_site_name":"SPRINTRI\u00ae","article_modified_time":"2026-01-13T09:51:36+00:00","og_image":[{"width":1200,"height":800,"url":"https:\/\/sprintri.com\/wp-content\/uploads\/2026\/01\/SPRINTRI-423-1.jpg","type":"image\/jpeg"}],"twitter_card":"summary_large_image","twitter_misc":{"Dur\u00e9e de lecture estim\u00e9e":"1 minute"},"schema":{"@context":"https:\/\/schema.org","@graph":[{"@type":"WebPage","@id":"https:\/\/sprintri.com\/index.php\/nous-rejoindre\/","url":"https:\/\/sprintri.com\/index.php\/nous-rejoindre\/","name":"Nous rejoindre - SPRINTRI\u00ae","isPartOf":{"@id":"https:\/\/sprintri.com\/#website"},"primaryImageOfPage":{"@id":"https:\/\/sprintri.com\/index.php\/nous-rejoindre\/#primaryimage"},"image":{"@id":"https:\/\/sprintri.com\/index.php\/nous-rejoindre\/#primaryimage"},"thumbnailUrl":"https:\/\/sprintri.com\/wp-content\/uploads\/2026\/01\/SPRINTRI-423-1-1024x683.jpg","datePublished":"2026-01-13T08:58:27+00:00","dateModified":"2026-01-13T09:51:36+00:00","breadcrumb":{"@id":"https:\/\/sprintri.com\/index.php\/nous-rejoindre\/#breadcrumb"},"inLanguage":"fr-FR","potentialAction":[{"@type":"ReadAction","target":["https:\/\/sprintri.com\/index.php\/nous-rejoindre\/"]}]},{"@type":"ImageObject","inLanguage":"fr-FR","@id":"https:\/\/sprintri.com\/index.php\/nous-rejoindre\/#primaryimage","url":"https:\/\/sprintri.com\/wp-content\/uploads\/2026\/01\/SPRINTRI-423-1.jpg","contentUrl":"https:\/\/sprintri.com\/wp-content\/uploads\/2026\/01\/SPRINTRI-423-1.jpg","width":1200,"height":800},{"@type":"BreadcrumbList","@id":"https:\/\/sprintri.com\/index.php\/nous-rejoindre\/#breadcrumb","itemListElement":[{"@type":"ListItem","position":1,"name":"Accueil","item":"https:\/\/sprintri.com\/"},{"@type":"ListItem","position":2,"name":"Nous rejoindre"}]},{"@type":"WebSite","@id":"https:\/\/sprintri.com\/#website","url":"https:\/\/sprintri.com\/","name":"Sprintri.com","description":"","publisher":{"@id":"https:\/\/sprintri.com\/#organization"},"potentialAction":[{"@type":"SearchAction","target":{"@type":"EntryPoint","urlTemplate":"https:\/\/sprintri.com\/?s={search_term_string}"},"query-input":{"@type":"PropertyValueSpecification","valueRequired":true,"valueName":"search_term_string"}}],"inLanguage":"fr-FR"},{"@type":"Organization","@id":"https:\/\/sprintri.com\/#organization","name":"Sprintri","url":"https:\/\/sprintri.com\/","logo":{"@type":"ImageObject","inLanguage":"fr-FR","@id":"https:\/\/sprintri.com\/#\/schema\/logo\/image\/","url":"https:\/\/sprintri.com\/wp-content\/uploads\/2025\/09\/logo-sprintri-base-blanc.png","contentUrl":"https:\/\/sprintri.com\/wp-content\/uploads\/2025\/09\/logo-sprintri-base-blanc.png","width":1500,"height":370,"caption":"Sprintri"},"image":{"@id":"https:\/\/sprintri.com\/#\/schema\/logo\/image\/"}}]}},"_links":{"self":[{"href":"https:\/\/sprintri.com\/index.php\/wp-json\/wp\/v2\/pages\/821","targetHints":{"allow":["GET"]}}],"collection":[{"href":"https:\/\/sprintri.com\/index.php\/wp-json\/wp\/v2\/pages"}],"about":[{"href":"https:\/\/sprintri.com\/index.php\/wp-json\/wp\/v2\/types\/page"}],"author":[{"embeddable":true,"href":"https:\/\/sprintri.com\/index.php\/wp-json\/wp\/v2\/users\/2"}],"replies":[{"embeddable":true,"href":"https:\/\/sprintri.com\/index.php\/wp-json\/wp\/v2\/comments?post=821"}],"version-history":[{"count":19,"href":"https:\/\/sprintri.com\/index.php\/wp-json\/wp\/v2\/pages\/821\/revisions"}],"predecessor-version":[{"id":853,"href":"https:\/\/sprintri.com\/index.php\/wp-json\/wp\/v2\/pages\/821\/revisions\/853"}],"wp:attachment":[{"href":"https:\/\/sprintri.com\/index.php\/wp-json\/wp\/v2\/media?parent=821"}],"curies":[{"name":"wp","href":"https:\/\/api.w.org\/{rel}","templated":true}]}}