{"id":553,"date":"2025-09-19T13:57:56","date_gmt":"2025-09-19T13:57:56","guid":{"rendered":"https:\/\/sprintri.com\/?page_id=553"},"modified":"2025-10-22T05:07:23","modified_gmt":"2025-10-22T05:07:23","slug":"infos-pratiques","status":"publish","type":"page","link":"https:\/\/sprintri.com\/index.php\/infos-pratiques\/","title":{"rendered":"infos pratiques"},"content":{"rendered":"\n<section id=\"wp-block-themeisle-blocks-advanced-columns-57bc2a5d\" class=\"wp-block-themeisle-blocks-advanced-columns alignfull has-1-columns has-desktop-equal-layout has-tablet-equal-layout has-mobile-equal-layout has-vertical-flex-start\"><div class=\"wp-block-themeisle-blocks-advanced-columns-overlay\"><\/div><div class=\"innerblocks-wrap\">\n<div id=\"wp-block-themeisle-blocks-advanced-column-d5c4dd5a\" class=\"wp-block-themeisle-blocks-advanced-column\"><div class=\"wp-block-image\">\n<figure class=\"aligncenter size-full is-resized\"><img loading=\"lazy\" decoding=\"async\" width=\"1200\" height=\"306\" src=\"https:\/\/sprintri.com\/wp-content\/uploads\/2025\/10\/Hautes-Alpes-Veynes-blanc.png\" alt=\"\" class=\"wp-image-724\" style=\"width:467px;height:auto\" srcset=\"https:\/\/sprintri.com\/wp-content\/uploads\/2025\/10\/Hautes-Alpes-Veynes-blanc.png 1200w, https:\/\/sprintri.com\/wp-content\/uploads\/2025\/10\/Hautes-Alpes-Veynes-blanc-300x77.png 300w, https:\/\/sprintri.com\/wp-content\/uploads\/2025\/10\/Hautes-Alpes-Veynes-blanc-1024x261.png 1024w, https:\/\/sprintri.com\/wp-content\/uploads\/2025\/10\/Hautes-Alpes-Veynes-blanc-768x196.png 768w\" sizes=\"auto, (max-width: 1200px) 100vw, 1200px\" \/><\/figure>\n<\/div>\n\n\n<section id=\"wp-block-themeisle-blocks-advanced-columns-93f4b199\" class=\"wp-block-themeisle-blocks-advanced-columns has-1-columns has-desktop-equal-layout has-tablet-equal-layout has-mobile-equal-layout has-vertical-flex-start\"><div class=\"wp-block-themeisle-blocks-advanced-columns-overlay\"><\/div><div class=\"innerblocks-wrap\">\n<div id=\"wp-block-themeisle-blocks-advanced-column-68bc9b61\" class=\"wp-block-themeisle-blocks-advanced-column\">\n<div style=\"height:20px\" aria-hidden=\"true\" class=\"wp-block-spacer\"><\/div>\n\n\n\n<p class=\"has-text-align-center has-white-color has-text-color\">Veynes est une commune du d\u00e9partement des Hautes-Alpes, situ\u00e9e \u00e0 environ 800 m\u00e8tres d\u2019altitude. V\u00e9ritable carrefour entre la Provence et les Alpes, elle b\u00e9n\u00e9ficie d\u2019un climat m\u00e9diterran\u00e9en de montagne, offrant un \u00e9quilibre id\u00e9al entre ensoleillement et fra\u00eecheur, aux portes du Parc naturel r\u00e9gional des Baronnies proven\u00e7ales. Gr\u00e2ce \u00e0 sa position abrit\u00e9e et \u00e0 son exposition favorable, Veynes profite de plus de 300 jours de beau temps par an, faisant d\u2019elle un lieu privil\u00e9gi\u00e9 pour la vie en plein air, les activit\u00e9s de nature et une excellente qualit\u00e9 de vie.<\/p>\n\n\n\n<div style=\"height:20px\" aria-hidden=\"true\" class=\"wp-block-spacer\"><\/div>\n<\/div>\n<\/div><\/section>\n\n\n\n<div style=\"height:20px\" aria-hidden=\"true\" class=\"wp-block-spacer\"><\/div>\n<\/div>\n<\/div><\/section>\n\n\n\n<div style=\"height:40px\" aria-hidden=\"true\" class=\"wp-block-spacer\"><\/div>\n\n\n\n<div class=\"wp-block-columns is-layout-flex wp-container-core-columns-is-layout-9d6595d7 wp-block-columns-is-layout-flex\">\n<div class=\"wp-block-column is-vertically-aligned-center is-layout-flow wp-block-column-is-layout-flow\">\n<h3 class=\"wp-block-heading has-text-align-center has-text-color\" style=\"color:#000000\">H\u00e9bergements conseill\u00e9s<\/h3>\n<\/div>\n<\/div>\n\n\n\n<div class=\"wp-block-columns is-layout-flex wp-container-core-columns-is-layout-9d6595d7 wp-block-columns-is-layout-flex\">\n<div class=\"wp-block-column is-layout-flow wp-block-column-is-layout-flow\"><p><iframe src=\"https:\/\/www.google.com\/maps\/embed?pb=!1m18!1m12!1m3!1d4913.732673613851!2d5.796159741494484!3d44.518840184162514!2m3!1f0!2f0!3f0!3m2!1i1024!2i768!4f13.1!3m3!1m2!1s0x12cb1f26b55e4a1d%3A0x1bdfa366d51b15dd!2sCamping%20Les%20Rives%20du%20Lac%20%7C%20Camping%20Gap%20-%20Hautes%20Alpes!5e1!3m2!1sfr!2sfr!4v1761105595531!5m2!1sfr!2sfr\" width=\"600\" height=\"450\" style=\"border:0;\" allowfullscreen=\"\" loading=\"lazy\" referrerpolicy=\"no-referrer-when-downgrade\"><\/iframe><\/p>\n<\/div>\n\n\n\n<div class=\"wp-block-column is-layout-flow wp-block-column-is-layout-flow\"><p><iframe src=\"https:\/\/www.google.com\/maps\/embed?pb=!1m18!1m12!1m3!1d9525.063908216238!2d5.796628639827749!3d44.52250794264195!2m3!1f0!2f0!3f0!3m2!1i1024!2i768!4f13.1!3m3!1m2!1s0x12cb18c9df14c92d%3A0x82894b8dd95e2bfd!2sCamping%20Solaire%20-%20Veynes!5e1!3m2!1sfr!2sfr!4v1761105758467!5m2!1sfr!2sfr\" width=\"600\" height=\"450\" style=\"border:0;\" allowfullscreen=\"\" loading=\"lazy\" referrerpolicy=\"no-referrer-when-downgrade\"><\/iframe><\/p>\n<\/div>\n\n\n\n<div class=\"wp-block-column is-layout-flow wp-block-column-is-layout-flow\"><p><iframe src=\"https:\/\/www.google.com\/maps\/embed?pb=!1m18!1m12!1m3!1d2687.8042392829434!2d5.821952973425065!3d44.5346561640874!2m3!1f0!2f0!3f0!3m2!1i1024!2i768!4f13.1!3m3!1m2!1s0x12cb18b8033f61bd%3A0xa91e0e785655d798!2sOffice%20de%20tourisme%20les%20sources%20du%20Bu%C3%ABch!5e1!3m2!1sfr!2sfr!4v1761105775560!5m2!1sfr!2sfr\" width=\"600\" height=\"450\" style=\"border:0;\" allowfullscreen=\"\" loading=\"lazy\" referrerpolicy=\"no-referrer-when-downgrade\"><\/iframe><\/p>\n<\/div>\n<\/div>\n\n\n\n<p><\/p>\n","protected":false},"excerpt":{"rendered":"<p>H\u00e9bergements conseill\u00e9s<\/p>\n","protected":false},"author":2,"featured_media":0,"parent":0,"menu_order":0,"comment_status":"closed","ping_status":"closed","template":"","meta":{"neve_meta_sidebar":"","neve_meta_container":"","neve_meta_enable_content_width":"","neve_meta_content_width":0,"neve_meta_title_alignment":"","neve_meta_author_avatar":"","neve_post_elements_order":"","neve_meta_disable_header":"","neve_meta_disable_footer":"","neve_meta_disable_title":"on","_themeisle_gutenberg_block_has_review":false,"footnotes":""},"class_list":["post-553","page","type-page","status-publish","hentry"],"yoast_head":"<!-- This site is optimized with the Yoast SEO plugin v25.9 - https:\/\/yoast.com\/wordpress\/plugins\/seo\/ -->\n<title>infos pratiques - SPRINTRI\u00ae<\/title>\n<meta name=\"robots\" content=\"index, follow, max-snippet:-1, max-image-preview:large, max-video-preview:-1\" \/>\n<link rel=\"canonical\" href=\"https:\/\/sprintri.com\/index.php\/infos-pratiques\/\" \/>\n<meta property=\"og:locale\" content=\"fr_FR\" \/>\n<meta property=\"og:type\" content=\"article\" \/>\n<meta property=\"og:title\" content=\"infos pratiques - SPRINTRI\u00ae\" \/>\n<meta property=\"og:description\" content=\"H\u00e9bergements conseill\u00e9s\" \/>\n<meta property=\"og:url\" content=\"https:\/\/sprintri.com\/index.php\/infos-pratiques\/\" \/>\n<meta property=\"og:site_name\" content=\"SPRINTRI\u00ae\" \/>\n<meta property=\"article:modified_time\" content=\"2025-10-22T05:07:23+00:00\" \/>\n<meta property=\"og:image\" content=\"https:\/\/sprintri.com\/wp-content\/uploads\/2025\/10\/Hautes-Alpes-Veynes-blanc.png\" \/>\n\t<meta property=\"og:image:width\" content=\"1200\" \/>\n\t<meta property=\"og:image:height\" content=\"306\" \/>\n\t<meta property=\"og:image:type\" content=\"image\/png\" \/>\n<meta name=\"twitter:card\" content=\"summary_large_image\" \/>\n<meta name=\"twitter:label1\" content=\"Dur\u00e9e de lecture estim\u00e9e\" \/>\n\t<meta name=\"twitter:data1\" content=\"1 minute\" \/>\n<script type=\"application\/ld+json\" class=\"yoast-schema-graph\">{\"@context\":\"https:\/\/schema.org\",\"@graph\":[{\"@type\":\"WebPage\",\"@id\":\"https:\/\/sprintri.com\/index.php\/infos-pratiques\/\",\"url\":\"https:\/\/sprintri.com\/index.php\/infos-pratiques\/\",\"name\":\"infos pratiques - SPRINTRI\u00ae\",\"isPartOf\":{\"@id\":\"https:\/\/sprintri.com\/#website\"},\"primaryImageOfPage\":{\"@id\":\"https:\/\/sprintri.com\/index.php\/infos-pratiques\/#primaryimage\"},\"image\":{\"@id\":\"https:\/\/sprintri.com\/index.php\/infos-pratiques\/#primaryimage\"},\"thumbnailUrl\":\"https:\/\/sprintri.com\/wp-content\/uploads\/2025\/10\/Hautes-Alpes-Veynes-blanc.png\",\"datePublished\":\"2025-09-19T13:57:56+00:00\",\"dateModified\":\"2025-10-22T05:07:23+00:00\",\"breadcrumb\":{\"@id\":\"https:\/\/sprintri.com\/index.php\/infos-pratiques\/#breadcrumb\"},\"inLanguage\":\"fr-FR\",\"potentialAction\":[{\"@type\":\"ReadAction\",\"target\":[\"https:\/\/sprintri.com\/index.php\/infos-pratiques\/\"]}]},{\"@type\":\"ImageObject\",\"inLanguage\":\"fr-FR\",\"@id\":\"https:\/\/sprintri.com\/index.php\/infos-pratiques\/#primaryimage\",\"url\":\"https:\/\/sprintri.com\/wp-content\/uploads\/2025\/10\/Hautes-Alpes-Veynes-blanc.png\",\"contentUrl\":\"https:\/\/sprintri.com\/wp-content\/uploads\/2025\/10\/Hautes-Alpes-Veynes-blanc.png\",\"width\":1200,\"height\":306},{\"@type\":\"BreadcrumbList\",\"@id\":\"https:\/\/sprintri.com\/index.php\/infos-pratiques\/#breadcrumb\",\"itemListElement\":[{\"@type\":\"ListItem\",\"position\":1,\"name\":\"Accueil\",\"item\":\"https:\/\/sprintri.com\/\"},{\"@type\":\"ListItem\",\"position\":2,\"name\":\"infos pratiques\"}]},{\"@type\":\"WebSite\",\"@id\":\"https:\/\/sprintri.com\/#website\",\"url\":\"https:\/\/sprintri.com\/\",\"name\":\"Sprintri.com\",\"description\":\"\",\"publisher\":{\"@id\":\"https:\/\/sprintri.com\/#organization\"},\"potentialAction\":[{\"@type\":\"SearchAction\",\"target\":{\"@type\":\"EntryPoint\",\"urlTemplate\":\"https:\/\/sprintri.com\/?s={search_term_string}\"},\"query-input\":{\"@type\":\"PropertyValueSpecification\",\"valueRequired\":true,\"valueName\":\"search_term_string\"}}],\"inLanguage\":\"fr-FR\"},{\"@type\":\"Organization\",\"@id\":\"https:\/\/sprintri.com\/#organization\",\"name\":\"Sprintri\",\"url\":\"https:\/\/sprintri.com\/\",\"logo\":{\"@type\":\"ImageObject\",\"inLanguage\":\"fr-FR\",\"@id\":\"https:\/\/sprintri.com\/#\/schema\/logo\/image\/\",\"url\":\"https:\/\/sprintri.com\/wp-content\/uploads\/2025\/09\/logo-sprintri-base-blanc.png\",\"contentUrl\":\"https:\/\/sprintri.com\/wp-content\/uploads\/2025\/09\/logo-sprintri-base-blanc.png\",\"width\":1500,\"height\":370,\"caption\":\"Sprintri\"},\"image\":{\"@id\":\"https:\/\/sprintri.com\/#\/schema\/logo\/image\/\"}}]}<\/script>\n<!-- \/ Yoast SEO plugin. -->","yoast_head_json":{"title":"infos pratiques - SPRINTRI\u00ae","robots":{"index":"index","follow":"follow","max-snippet":"max-snippet:-1","max-image-preview":"max-image-preview:large","max-video-preview":"max-video-preview:-1"},"canonical":"https:\/\/sprintri.com\/index.php\/infos-pratiques\/","og_locale":"fr_FR","og_type":"article","og_title":"infos pratiques - SPRINTRI\u00ae","og_description":"H\u00e9bergements conseill\u00e9s","og_url":"https:\/\/sprintri.com\/index.php\/infos-pratiques\/","og_site_name":"SPRINTRI\u00ae","article_modified_time":"2025-10-22T05:07:23+00:00","og_image":[{"width":1200,"height":306,"url":"https:\/\/sprintri.com\/wp-content\/uploads\/2025\/10\/Hautes-Alpes-Veynes-blanc.png","type":"image\/png"}],"twitter_card":"summary_large_image","twitter_misc":{"Dur\u00e9e de lecture estim\u00e9e":"1 minute"},"schema":{"@context":"https:\/\/schema.org","@graph":[{"@type":"WebPage","@id":"https:\/\/sprintri.com\/index.php\/infos-pratiques\/","url":"https:\/\/sprintri.com\/index.php\/infos-pratiques\/","name":"infos pratiques - SPRINTRI\u00ae","isPartOf":{"@id":"https:\/\/sprintri.com\/#website"},"primaryImageOfPage":{"@id":"https:\/\/sprintri.com\/index.php\/infos-pratiques\/#primaryimage"},"image":{"@id":"https:\/\/sprintri.com\/index.php\/infos-pratiques\/#primaryimage"},"thumbnailUrl":"https:\/\/sprintri.com\/wp-content\/uploads\/2025\/10\/Hautes-Alpes-Veynes-blanc.png","datePublished":"2025-09-19T13:57:56+00:00","dateModified":"2025-10-22T05:07:23+00:00","breadcrumb":{"@id":"https:\/\/sprintri.com\/index.php\/infos-pratiques\/#breadcrumb"},"inLanguage":"fr-FR","potentialAction":[{"@type":"ReadAction","target":["https:\/\/sprintri.com\/index.php\/infos-pratiques\/"]}]},{"@type":"ImageObject","inLanguage":"fr-FR","@id":"https:\/\/sprintri.com\/index.php\/infos-pratiques\/#primaryimage","url":"https:\/\/sprintri.com\/wp-content\/uploads\/2025\/10\/Hautes-Alpes-Veynes-blanc.png","contentUrl":"https:\/\/sprintri.com\/wp-content\/uploads\/2025\/10\/Hautes-Alpes-Veynes-blanc.png","width":1200,"height":306},{"@type":"BreadcrumbList","@id":"https:\/\/sprintri.com\/index.php\/infos-pratiques\/#breadcrumb","itemListElement":[{"@type":"ListItem","position":1,"name":"Accueil","item":"https:\/\/sprintri.com\/"},{"@type":"ListItem","position":2,"name":"infos pratiques"}]},{"@type":"WebSite","@id":"https:\/\/sprintri.com\/#website","url":"https:\/\/sprintri.com\/","name":"Sprintri.com","description":"","publisher":{"@id":"https:\/\/sprintri.com\/#organization"},"potentialAction":[{"@type":"SearchAction","target":{"@type":"EntryPoint","urlTemplate":"https:\/\/sprintri.com\/?s={search_term_string}"},"query-input":{"@type":"PropertyValueSpecification","valueRequired":true,"valueName":"search_term_string"}}],"inLanguage":"fr-FR"},{"@type":"Organization","@id":"https:\/\/sprintri.com\/#organization","name":"Sprintri","url":"https:\/\/sprintri.com\/","logo":{"@type":"ImageObject","inLanguage":"fr-FR","@id":"https:\/\/sprintri.com\/#\/schema\/logo\/image\/","url":"https:\/\/sprintri.com\/wp-content\/uploads\/2025\/09\/logo-sprintri-base-blanc.png","contentUrl":"https:\/\/sprintri.com\/wp-content\/uploads\/2025\/09\/logo-sprintri-base-blanc.png","width":1500,"height":370,"caption":"Sprintri"},"image":{"@id":"https:\/\/sprintri.com\/#\/schema\/logo\/image\/"}}]}},"_links":{"self":[{"href":"https:\/\/sprintri.com\/index.php\/wp-json\/wp\/v2\/pages\/553","targetHints":{"allow":["GET"]}}],"collection":[{"href":"https:\/\/sprintri.com\/index.php\/wp-json\/wp\/v2\/pages"}],"about":[{"href":"https:\/\/sprintri.com\/index.php\/wp-json\/wp\/v2\/types\/page"}],"author":[{"embeddable":true,"href":"https:\/\/sprintri.com\/index.php\/wp-json\/wp\/v2\/users\/2"}],"replies":[{"embeddable":true,"href":"https:\/\/sprintri.com\/index.php\/wp-json\/wp\/v2\/comments?post=553"}],"version-history":[{"count":12,"href":"https:\/\/sprintri.com\/index.php\/wp-json\/wp\/v2\/pages\/553\/revisions"}],"predecessor-version":[{"id":770,"href":"https:\/\/sprintri.com\/index.php\/wp-json\/wp\/v2\/pages\/553\/revisions\/770"}],"wp:attachment":[{"href":"https:\/\/sprintri.com\/index.php\/wp-json\/wp\/v2\/media?parent=553"}],"curies":[{"name":"wp","href":"https:\/\/api.w.org\/{rel}","templated":true}]}}