{"id":547,"date":"2025-09-19T13:56:38","date_gmt":"2025-09-19T13:56:38","guid":{"rendered":"https:\/\/sprintri.com\/?page_id=547"},"modified":"2026-03-06T10:53:09","modified_gmt":"2026-03-06T10:53:09","slug":"challenge","status":"publish","type":"page","link":"https:\/\/sprintri.com\/index.php\/challenge\/","title":{"rendered":"Challenge"},"content":{"rendered":"\n<section id=\"services\" class=\"wp-block-themeisle-blocks-advanced-columns alignfull has-1-columns has-desktop-equal-layout has-tablet-equal-layout has-mobile-equal-layout has-vertical-flex-start has-dark-bg\"><div class=\"wp-block-themeisle-blocks-advanced-columns-overlay\"><\/div><div class=\"innerblocks-wrap\">\n<div id=\"wp-block-themeisle-blocks-advanced-column-9642dc3f\" class=\"wp-block-themeisle-blocks-advanced-column\">\n<section id=\"wp-block-themeisle-blocks-advanced-columns-62d68e08\" class=\"wp-block-themeisle-blocks-advanced-columns has-1-columns has-desktop-equal-layout has-tablet-equal-layout has-mobile-equal-layout has-vertical-flex-start\"><div class=\"wp-block-themeisle-blocks-advanced-columns-overlay\"><\/div><div class=\"innerblocks-wrap\">\n<div id=\"wp-block-themeisle-blocks-advanced-column-ba020b38\" class=\"wp-block-themeisle-blocks-advanced-column\">\n<h3 class=\"wp-block-heading has-text-align-center has-white-color has-text-color\">SAMEDI 16 MAI 2026<\/h3>\n\n\n\n<h1 class=\"wp-block-heading has-text-align-center has-white-color has-text-color\">CHALLENGE<\/h1>\n\n\n\n<p class=\"has-text-align-center has-white-color has-text-color\">Vitesse, strat\u00e9gie et intensit\u00e9 ! D\u00e9couvrez le Sprintri Challenge : deux manches endiabl\u00e9es pour un maximum de sensations. Prenez le d\u00e9part de la premi\u00e8re manche, un Double Super Sprint XXS en mass start, drafting autoris\u00e9. Quelques heures plus tard, encha\u00eenez avec la deuxi\u00e8me manche : toujours sur sur un format XXS, en poursuite (d\u00e9part en chasse). Un format explosif o\u00f9 chaque seconde compte !<\/p>\n\n\n\n<div style=\"height:20px\" aria-hidden=\"true\" class=\"wp-block-spacer\"><\/div>\n\n\n\n<h3 class=\"wp-block-heading has-text-align-center has-white-color has-text-color\">MANCHE 1 &#8211; DOUBLE SUPER SPRINT XXS MASS START<\/h3>\n\n\n\n<div style=\"height:20px\" aria-hidden=\"true\" class=\"wp-block-spacer\"><\/div>\n<\/div>\n<\/div><\/section>\n<\/div>\n<\/div><\/section>\n\n\n\n<section id=\"wp-block-themeisle-blocks-advanced-columns-56fedefc\" class=\"wp-block-themeisle-blocks-advanced-columns alignfull has-1-columns has-desktop-equal-layout has-tablet-equal-layout has-mobile-equal-layout has-vertical-flex-start has-dark-bg\"><div class=\"wp-block-themeisle-blocks-advanced-columns-overlay\"><\/div><div class=\"innerblocks-wrap\">\n<div id=\"wp-block-themeisle-blocks-advanced-column-b15f4ee1\" class=\"wp-block-themeisle-blocks-advanced-column\">\n<section id=\"wp-block-themeisle-blocks-advanced-columns-a35d43cf\" class=\"wp-block-themeisle-blocks-advanced-columns has-3-columns has-desktop-equal-layout has-tablet-equal-layout has-mobile-collapsedRows-layout has-vertical-flex-start\"><div class=\"wp-block-themeisle-blocks-advanced-columns-overlay\"><\/div><div class=\"innerblocks-wrap\">\n<div id=\"wp-block-themeisle-blocks-advanced-column-b1ebb40b\" class=\"wp-block-themeisle-blocks-advanced-column\">\n<h3 id=\"wp-block-themeisle-blocks-advanced-heading-9aff57d5\" class=\"wp-block-themeisle-blocks-advanced-heading wp-block-themeisle-blocks-advanced-heading-9aff57d5\">1 &#8211; NATATION<\/h3>\n\n\n\n<p class=\"has-text-align-center has-white-color has-text-color\">300 METRES<\/p>\n<\/div>\n\n\n\n<div id=\"wp-block-themeisle-blocks-advanced-column-4f974cc8\" class=\"wp-block-themeisle-blocks-advanced-column\">\n<h3 id=\"wp-block-themeisle-blocks-advanced-heading-4685b7ce\" class=\"wp-block-themeisle-blocks-advanced-heading wp-block-themeisle-blocks-advanced-heading-4685b7ce\">2 &#8211; VELO<\/h3>\n\n\n\n<p class=\"has-text-align-center has-white-color has-text-color\">5 KILOMETRES<\/p>\n<\/div>\n\n\n\n<div id=\"wp-block-themeisle-blocks-advanced-column-6fb20c3b\" class=\"wp-block-themeisle-blocks-advanced-column\">\n<h3 id=\"wp-block-themeisle-blocks-advanced-heading-58dac539\" class=\"wp-block-themeisle-blocks-advanced-heading wp-block-themeisle-blocks-advanced-heading-58dac539\">3 &#8211; COURSE A PIED<\/h3>\n\n\n\n<p class=\"has-text-align-center has-white-color has-text-color\">1,3 KILOMETRES<\/p>\n<\/div>\n<\/div><\/section>\n<\/div>\n<\/div><\/section>\n\n\n\n<section id=\"wp-block-themeisle-blocks-advanced-columns-da22d959\" class=\"wp-block-themeisle-blocks-advanced-columns alignfull has-1-columns has-desktop-equal-layout has-tablet-equal-layout has-mobile-equal-layout has-vertical-flex-start has-dark-bg\"><div class=\"wp-block-themeisle-blocks-advanced-columns-overlay\"><\/div><div class=\"innerblocks-wrap\">\n<div id=\"wp-block-themeisle-blocks-advanced-column-3428f195\" class=\"wp-block-themeisle-blocks-advanced-column\">\n<section id=\"wp-block-themeisle-blocks-advanced-columns-9e885e96\" class=\"wp-block-themeisle-blocks-advanced-columns has-3-columns has-desktop-equal-layout has-tablet-equal-layout has-mobile-collapsedRows-layout has-vertical-flex-start\"><div class=\"wp-block-themeisle-blocks-advanced-columns-overlay\"><\/div><div class=\"innerblocks-wrap\">\n<div id=\"wp-block-themeisle-blocks-advanced-column-eac46fb7\" class=\"wp-block-themeisle-blocks-advanced-column\">\n<h3 id=\"wp-block-themeisle-blocks-advanced-heading-32f63082\" class=\"wp-block-themeisle-blocks-advanced-heading wp-block-themeisle-blocks-advanced-heading-32f63082\">4 &#8211; NATATION<\/h3>\n\n\n\n<p class=\"has-text-align-center has-white-color has-text-color\">300 METRES<\/p>\n<\/div>\n\n\n\n<div id=\"wp-block-themeisle-blocks-advanced-column-8dde0a5a\" class=\"wp-block-themeisle-blocks-advanced-column\">\n<h3 id=\"wp-block-themeisle-blocks-advanced-heading-72edc85b\" class=\"wp-block-themeisle-blocks-advanced-heading wp-block-themeisle-blocks-advanced-heading-72edc85b\">5 &#8211; VELO<\/h3>\n\n\n\n<p class=\"has-text-align-center has-white-color has-text-color\">5 KILOMETRES<\/p>\n<\/div>\n\n\n\n<div id=\"wp-block-themeisle-blocks-advanced-column-01b35a91\" class=\"wp-block-themeisle-blocks-advanced-column\">\n<h3 id=\"wp-block-themeisle-blocks-advanced-heading-c96f5298\" class=\"wp-block-themeisle-blocks-advanced-heading wp-block-themeisle-blocks-advanced-heading-c96f5298\">6 &#8211; COURSE A PIED<\/h3>\n\n\n\n<p class=\"has-text-align-center has-white-color has-text-color\">1,3 KILOMETRES<\/p>\n<\/div>\n<\/div><\/section>\n<\/div>\n<\/div><\/section>\n\n\n\n<section id=\"wp-block-themeisle-blocks-advanced-columns-abd16e1d\" class=\"wp-block-themeisle-blocks-advanced-columns alignfull has-1-columns has-desktop-equal-layout has-tablet-equal-layout has-mobile-equal-layout has-vertical-flex-start has-dark-bg\"><div class=\"wp-block-themeisle-blocks-advanced-columns-overlay\"><\/div><div class=\"innerblocks-wrap\">\n<div id=\"wp-block-themeisle-blocks-advanced-column-4ce2d03e\" class=\"wp-block-themeisle-blocks-advanced-column\">\n<section id=\"wp-block-themeisle-blocks-advanced-columns-f1d56f55\" class=\"wp-block-themeisle-blocks-advanced-columns has-1-columns has-desktop-equal-layout has-tablet-equal-layout has-mobile-equal-layout has-vertical-flex-start\"><div class=\"wp-block-themeisle-blocks-advanced-columns-overlay\"><\/div><div class=\"innerblocks-wrap\">\n<div id=\"wp-block-themeisle-blocks-advanced-column-f0514819\" class=\"wp-block-themeisle-blocks-advanced-column\">\n<div style=\"height:20px\" aria-hidden=\"true\" class=\"wp-block-spacer\"><\/div>\n\n\n\n<h3 class=\"wp-block-heading has-text-align-center has-white-color has-text-color\">MANCHE 2 &#8211; TRIATHLON XXS POURSUITE<\/h3>\n\n\n\n<div style=\"height:20px\" aria-hidden=\"true\" class=\"wp-block-spacer\"><\/div>\n<\/div>\n<\/div><\/section>\n<\/div>\n<\/div><\/section>\n\n\n\n<section id=\"wp-block-themeisle-blocks-advanced-columns-a2cdcbea\" class=\"wp-block-themeisle-blocks-advanced-columns alignfull has-1-columns has-desktop-equal-layout has-tablet-equal-layout has-mobile-equal-layout has-vertical-flex-start has-dark-bg\"><div class=\"wp-block-themeisle-blocks-advanced-columns-overlay\"><\/div><div class=\"innerblocks-wrap\">\n<div id=\"wp-block-themeisle-blocks-advanced-column-4d968cc8\" class=\"wp-block-themeisle-blocks-advanced-column\">\n<section id=\"wp-block-themeisle-blocks-advanced-columns-28ff3577\" class=\"wp-block-themeisle-blocks-advanced-columns has-3-columns has-desktop-equal-layout has-tablet-equal-layout has-mobile-collapsedRows-layout has-vertical-flex-start\"><div class=\"wp-block-themeisle-blocks-advanced-columns-overlay\"><\/div><div class=\"innerblocks-wrap\">\n<div id=\"wp-block-themeisle-blocks-advanced-column-41c59b5c\" class=\"wp-block-themeisle-blocks-advanced-column\">\n<h3 id=\"wp-block-themeisle-blocks-advanced-heading-c20dad61\" class=\"wp-block-themeisle-blocks-advanced-heading wp-block-themeisle-blocks-advanced-heading-c20dad61\">1 &#8211; NATATION<\/h3>\n\n\n\n<p class=\"has-text-align-center has-white-color has-text-color\">300 METRES<\/p>\n<\/div>\n\n\n\n<div id=\"wp-block-themeisle-blocks-advanced-column-b67f8a5c\" class=\"wp-block-themeisle-blocks-advanced-column\">\n<h3 id=\"wp-block-themeisle-blocks-advanced-heading-eebe0a9f\" class=\"wp-block-themeisle-blocks-advanced-heading wp-block-themeisle-blocks-advanced-heading-eebe0a9f\">2 &#8211; COURSE A PIED<\/h3>\n\n\n\n<p class=\"has-text-align-center has-white-color has-text-color\">1,3 KILOMETRES<\/p>\n<\/div>\n\n\n\n<div id=\"wp-block-themeisle-blocks-advanced-column-9e1fd323\" class=\"wp-block-themeisle-blocks-advanced-column\">\n<h3 id=\"wp-block-themeisle-blocks-advanced-heading-88a8c511\" class=\"wp-block-themeisle-blocks-advanced-heading wp-block-themeisle-blocks-advanced-heading-88a8c511\">3 &#8211; NATATION<\/h3>\n\n\n\n<p class=\"has-text-align-center has-white-color has-text-color\">300 METRES<\/p>\n<\/div>\n<\/div><\/section>\n<\/div>\n<\/div><\/section>\n\n\n\n<section id=\"wp-block-themeisle-blocks-advanced-columns-4eba3b83\" class=\"wp-block-themeisle-blocks-advanced-columns alignfull has-1-columns has-desktop-equal-layout has-tablet-equal-layout has-mobile-equal-layout has-vertical-flex-start has-dark-bg\"><div class=\"wp-block-themeisle-blocks-advanced-columns-overlay\"><\/div><div class=\"innerblocks-wrap\">\n<div id=\"wp-block-themeisle-blocks-advanced-column-1ae6754b\" class=\"wp-block-themeisle-blocks-advanced-column\">\n<section id=\"wp-block-themeisle-blocks-advanced-columns-5049fe3e\" class=\"wp-block-themeisle-blocks-advanced-columns has-2-columns has-desktop-equal-layout has-tablet-equal-layout has-mobile-collapsedRows-layout has-vertical-flex-start\"><div class=\"wp-block-themeisle-blocks-advanced-columns-overlay\"><\/div><div class=\"innerblocks-wrap\">\n<div id=\"wp-block-themeisle-blocks-advanced-column-0633b068\" class=\"wp-block-themeisle-blocks-advanced-column\">\n<h3 id=\"wp-block-themeisle-blocks-advanced-heading-063b86d7\" class=\"wp-block-themeisle-blocks-advanced-heading wp-block-themeisle-blocks-advanced-heading-063b86d7\">4 &#8211; VELO<\/h3>\n\n\n\n<p class=\"has-text-align-center has-white-color has-text-color\">5 KILOMETRES<\/p>\n<\/div>\n\n\n\n<div id=\"wp-block-themeisle-blocks-advanced-column-42a2433b\" class=\"wp-block-themeisle-blocks-advanced-column\">\n<h3 id=\"wp-block-themeisle-blocks-advanced-heading-5dc4585e\" class=\"wp-block-themeisle-blocks-advanced-heading wp-block-themeisle-blocks-advanced-heading-5dc4585e\">5 &#8211; COURSE A PIED<\/h3>\n\n\n\n<p class=\"has-text-align-center has-white-color has-text-color\">1,3 KILOMETRES<\/p>\n<\/div>\n<\/div><\/section>\n<\/div>\n<\/div><\/section>\n\n\n\n<div id=\"wp-block-themeisle-blocks-advanced-columns-0756495c\" class=\"wp-block-themeisle-blocks-advanced-columns alignfull has-3-columns has-desktop-equal-layout has-tablet-equal-layout has-mobile-collapsedRows-layout has-vertical-unset has-light-bg\"><div class=\"wp-block-themeisle-blocks-advanced-columns-overlay\"><\/div><div class=\"innerblocks-wrap\">\n<div id=\"wp-block-themeisle-blocks-advanced-column-6e902b2a\" class=\"wp-block-themeisle-blocks-advanced-column has-light-bg\"><p><iframe width=\"100%\" height=\"650\" loading=\"lazy\" src=\"https:\/\/www.openrunner.com\/embed.html?code=313159697677335239794c507167446f3544785132383061672f4f476445736349376143632f6f434c77303d3a3a0bff6af4b95cf77f97a3d3b6d22f2c0c&#038;lang=fr&#038;unit=metric\" style=\"border: none;\"><\/iframe><\/p>\n<\/div>\n\n\n\n<div id=\"wp-block-themeisle-blocks-advanced-column-33e99253\" class=\"wp-block-themeisle-blocks-advanced-column has-light-bg\"><p><iframe width=\"100%\" height=\"650\" loading=\"lazy\" src=\"https:\/\/www.openrunner.com\/embed.html?code=3162676e384c3271645749387562644d4d484b45537a316b554744783979786d4d394c61306152627047453d3a3a049ef6c2e0499fbafe6230d4091397a3&#038;lang=fr&#038;unit=metric\" style=\"border: none;\"><\/iframe><\/p>\n<\/div>\n\n\n\n<div id=\"wp-block-themeisle-blocks-advanced-column-2b312319\" class=\"wp-block-themeisle-blocks-advanced-column has-light-bg\"><p><iframe width=\"100%\" height=\"650\" loading=\"lazy\" src=\"https:\/\/www.openrunner.com\/embed.html?code=37466e304a3444754e304a656f7446712b4677652b55336d334d6d4b2b5a582b4553324b384167574e4e633d3a3af3b81a9a5dd02fc1f29fcf544b204229&#038;lang=fr&#038;unit=metric\" style=\"border: none;\"><\/iframe><\/p>\n<\/div>\n<\/div><\/div>\n\n\n\n<div id=\"wp-block-themeisle-blocks-timeline-6871ad75\" class=\"wp-block-themeisle-blocks-timeline\"><div class=\"o-timeline-root\">\n<div id=\"wp-block-themeisle-blocks-timeline-item-c44cae68\" class=\"wp-block-themeisle-blocks-timeline-item\"><div class=\"o-timeline-container\"><div class=\"o-timeline-icon\"><i class=\"fas fa-circle\"><\/i><\/div><div class=\"o-timeline-content\">\n<p class=\"has-small-font-size\"><strong>SAMEDI 16 MAI 2026<\/strong><\/p>\n\n\n\n<h3 class=\"wp-block-heading\">10h30 \u00e0 13h<\/h3>\n\n\n\n<p>Accueil et retrait des dossards<\/p>\n<\/div><\/div><\/div>\n\n\n\n<div id=\"wp-block-themeisle-blocks-timeline-item-85182e66\" class=\"wp-block-themeisle-blocks-timeline-item\"><div class=\"o-timeline-container\"><div class=\"o-timeline-icon\"><i class=\"fas fa-circle\"><\/i><\/div><div class=\"o-timeline-content\">\n<p class=\"has-small-font-size\"><strong>SAMEDI 16 MAI 2026<\/strong><\/p>\n\n\n\n<h3 class=\"wp-block-heading\">12h30 \u00e0 13h30<\/h3>\n\n\n\n<p>Ouverture du parc \u00e0 v\u00e9lo<\/p>\n<\/div><\/div><\/div>\n\n\n\n<div id=\"wp-block-themeisle-blocks-timeline-item-374449c3\" class=\"wp-block-themeisle-blocks-timeline-item\"><div class=\"o-timeline-container\"><div class=\"o-timeline-icon\"><i class=\"fas fa-circle\"><\/i><\/div><div class=\"o-timeline-content\">\n<p class=\"has-small-font-size\"><strong>SAMEDI 16 MAI 2026<\/strong><\/p>\n\n\n\n<h3 class=\"wp-block-heading\">13h45<\/h3>\n\n\n\n<p>Briefing + protocole de d\u00e9part&nbsp;Manche 1<\/p>\n<\/div><\/div><\/div>\n\n\n\n<div id=\"wp-block-themeisle-blocks-timeline-item-1634548e\" class=\"wp-block-themeisle-blocks-timeline-item\"><div class=\"o-timeline-container\"><div class=\"o-timeline-icon\"><i class=\"fas fa-circle\"><\/i><\/div><div class=\"o-timeline-content\">\n<p class=\"has-small-font-size\"><strong>SAMEDI 16 MAI 2026<\/strong><\/p>\n\n\n\n<h3 class=\"wp-block-heading\"><strong>14h<\/strong><\/h3>\n\n\n\n<p>D\u00e9part Mass start Manche 1<\/p>\n<\/div><\/div><\/div>\n\n\n\n<div id=\"wp-block-themeisle-blocks-timeline-item-8e2c2797\" class=\"wp-block-themeisle-blocks-timeline-item\"><div class=\"o-timeline-container\"><div class=\"o-timeline-icon\"><i class=\"fas fa-circle\"><\/i><\/div><div class=\"o-timeline-content\">\n<p class=\"has-small-font-size\"><strong>SAMEDI 16 MAI 2026<\/strong><\/p>\n\n\n\n<h3 class=\"wp-block-heading\">15h<\/h3>\n\n\n\n<p>Arriv\u00e9e du dernier concurrent<\/p>\n<\/div><\/div><\/div>\n\n\n\n<div id=\"wp-block-themeisle-blocks-timeline-item-47156b1b\" class=\"wp-block-themeisle-blocks-timeline-item\"><div class=\"o-timeline-container\"><div class=\"o-timeline-icon\"><i class=\"fas fa-circle\"><\/i><\/div><div class=\"o-timeline-content\">\n<p class=\"has-small-font-size\"><strong>SAMEDI 16 MAI 2026<\/strong><\/p>\n\n\n\n<h3 class=\"wp-block-heading\">15h \u00e0 15h15<\/h3>\n\n\n\n<p>Remise en conformit\u00e9 1 parc \u00e0 v\u00e9lo pour la Manche 2<\/p>\n<\/div><\/div><\/div>\n\n\n\n<div id=\"wp-block-themeisle-blocks-timeline-item-f6cf01e7\" class=\"wp-block-themeisle-blocks-timeline-item\"><div class=\"o-timeline-container\"><div class=\"o-timeline-icon\"><i class=\"fas fa-circle\"><\/i><\/div><div class=\"o-timeline-content\">\n<p class=\"has-small-font-size\"><strong>SAMEDI 16 MAI 2026<\/strong><\/p>\n\n\n\n<h3 class=\"wp-block-heading\">17h \u00e0 17h15<\/h3>\n\n\n\n<p>Remise en conformit\u00e9 2 parc \u00e0 v\u00e9lo pour la Manche 2<\/p>\n<\/div><\/div><\/div>\n\n\n\n<div id=\"wp-block-themeisle-blocks-timeline-item-83e4f092\" class=\"wp-block-themeisle-blocks-timeline-item\"><div class=\"o-timeline-container\"><div class=\"o-timeline-icon\"><i class=\"fas fa-circle\"><\/i><\/div><div class=\"o-timeline-content\">\n<p class=\"has-small-font-size\"><strong>SAMEDI 16 MAI 2026<\/strong><\/p>\n\n\n\n<h3 class=\"wp-block-heading\">17h15<\/h3>\n\n\n\n<p>Briefing + protocole de d\u00e9part&nbsp;Manche 2<\/p>\n<\/div><\/div><\/div>\n\n\n\n<div id=\"wp-block-themeisle-blocks-timeline-item-70fcffce\" class=\"wp-block-themeisle-blocks-timeline-item\"><div class=\"o-timeline-container\"><div class=\"o-timeline-icon\"><i class=\"fas fa-circle\"><\/i><\/div><div class=\"o-timeline-content\">\n<p class=\"has-small-font-size\"><strong>SAMEDI 16 MAI 2026<\/strong><\/p>\n\n\n\n<h3 class=\"wp-block-heading\">17h30<\/h3>\n\n\n\n<p>D\u00e9part poursuite manche 2<\/p>\n<\/div><\/div><\/div>\n\n\n\n<div id=\"wp-block-themeisle-blocks-timeline-item-220566d8\" class=\"wp-block-themeisle-blocks-timeline-item\"><div class=\"o-timeline-container\"><div class=\"o-timeline-icon\"><i class=\"fas fa-circle\"><\/i><\/div><div class=\"o-timeline-content\">\n<p class=\"has-small-font-size\"><strong>SAMEDI 16 MAI 2026<\/strong><\/p>\n\n\n\n<h3 class=\"wp-block-heading\">18h15<\/h3>\n\n\n\n<p>Arriv\u00e9e du dernier concurrent<\/p>\n<\/div><\/div><\/div>\n\n\n\n<div id=\"wp-block-themeisle-blocks-timeline-item-692415d5\" class=\"wp-block-themeisle-blocks-timeline-item\"><div class=\"o-timeline-container\"><div class=\"o-timeline-icon\"><i class=\"fas fa-circle\"><\/i><\/div><div class=\"o-timeline-content\">\n<p class=\"has-small-font-size\"><strong>SAMEDI 16 MAI 2026<\/strong><\/p>\n\n\n\n<h3 class=\"wp-block-heading\">18h30<\/h3>\n\n\n\n<p>Podiums, remise des r\u00e9compenses<\/p>\n<\/div><\/div><\/div>\n<\/div><\/div>\n\n\n\n<p><\/p>\n","protected":false},"excerpt":{"rendered":"","protected":false},"author":2,"featured_media":0,"parent":0,"menu_order":0,"comment_status":"closed","ping_status":"closed","template":"","meta":{"neve_meta_sidebar":"","neve_meta_container":"","neve_meta_enable_content_width":"","neve_meta_content_width":0,"neve_meta_title_alignment":"","neve_meta_author_avatar":"","neve_post_elements_order":"","neve_meta_disable_header":"","neve_meta_disable_footer":"","neve_meta_disable_title":"on","_themeisle_gutenberg_block_has_review":false,"footnotes":""},"class_list":["post-547","page","type-page","status-publish","hentry"],"yoast_head":"<!-- This site is optimized with the Yoast SEO plugin v25.9 - https:\/\/yoast.com\/wordpress\/plugins\/seo\/ -->\n<title>Challenge - SPRINTRI\u00ae<\/title>\n<meta name=\"robots\" content=\"index, follow, max-snippet:-1, max-image-preview:large, max-video-preview:-1\" \/>\n<link rel=\"canonical\" href=\"https:\/\/sprintri.com\/index.php\/challenge\/\" \/>\n<meta property=\"og:locale\" content=\"fr_FR\" \/>\n<meta property=\"og:type\" content=\"article\" \/>\n<meta property=\"og:title\" content=\"Challenge - SPRINTRI\u00ae\" \/>\n<meta property=\"og:url\" content=\"https:\/\/sprintri.com\/index.php\/challenge\/\" \/>\n<meta property=\"og:site_name\" content=\"SPRINTRI\u00ae\" \/>\n<meta property=\"article:modified_time\" content=\"2026-03-06T10:53:09+00:00\" \/>\n<meta name=\"twitter:card\" content=\"summary_large_image\" \/>\n<meta name=\"twitter:label1\" content=\"Dur\u00e9e de lecture estim\u00e9e\" \/>\n\t<meta name=\"twitter:data1\" content=\"2 minutes\" \/>\n<script type=\"application\/ld+json\" class=\"yoast-schema-graph\">{\"@context\":\"https:\/\/schema.org\",\"@graph\":[{\"@type\":\"WebPage\",\"@id\":\"https:\/\/sprintri.com\/index.php\/challenge\/\",\"url\":\"https:\/\/sprintri.com\/index.php\/challenge\/\",\"name\":\"Challenge - SPRINTRI\u00ae\",\"isPartOf\":{\"@id\":\"https:\/\/sprintri.com\/#website\"},\"datePublished\":\"2025-09-19T13:56:38+00:00\",\"dateModified\":\"2026-03-06T10:53:09+00:00\",\"breadcrumb\":{\"@id\":\"https:\/\/sprintri.com\/index.php\/challenge\/#breadcrumb\"},\"inLanguage\":\"fr-FR\",\"potentialAction\":[{\"@type\":\"ReadAction\",\"target\":[\"https:\/\/sprintri.com\/index.php\/challenge\/\"]}]},{\"@type\":\"BreadcrumbList\",\"@id\":\"https:\/\/sprintri.com\/index.php\/challenge\/#breadcrumb\",\"itemListElement\":[{\"@type\":\"ListItem\",\"position\":1,\"name\":\"Accueil\",\"item\":\"https:\/\/sprintri.com\/\"},{\"@type\":\"ListItem\",\"position\":2,\"name\":\"Challenge\"}]},{\"@type\":\"WebSite\",\"@id\":\"https:\/\/sprintri.com\/#website\",\"url\":\"https:\/\/sprintri.com\/\",\"name\":\"Sprintri.com\",\"description\":\"\",\"publisher\":{\"@id\":\"https:\/\/sprintri.com\/#organization\"},\"potentialAction\":[{\"@type\":\"SearchAction\",\"target\":{\"@type\":\"EntryPoint\",\"urlTemplate\":\"https:\/\/sprintri.com\/?s={search_term_string}\"},\"query-input\":{\"@type\":\"PropertyValueSpecification\",\"valueRequired\":true,\"valueName\":\"search_term_string\"}}],\"inLanguage\":\"fr-FR\"},{\"@type\":\"Organization\",\"@id\":\"https:\/\/sprintri.com\/#organization\",\"name\":\"Sprintri\",\"url\":\"https:\/\/sprintri.com\/\",\"logo\":{\"@type\":\"ImageObject\",\"inLanguage\":\"fr-FR\",\"@id\":\"https:\/\/sprintri.com\/#\/schema\/logo\/image\/\",\"url\":\"https:\/\/sprintri.com\/wp-content\/uploads\/2025\/09\/logo-sprintri-base-blanc.png\",\"contentUrl\":\"https:\/\/sprintri.com\/wp-content\/uploads\/2025\/09\/logo-sprintri-base-blanc.png\",\"width\":1500,\"height\":370,\"caption\":\"Sprintri\"},\"image\":{\"@id\":\"https:\/\/sprintri.com\/#\/schema\/logo\/image\/\"}}]}<\/script>\n<!-- \/ Yoast SEO plugin. -->","yoast_head_json":{"title":"Challenge - SPRINTRI\u00ae","robots":{"index":"index","follow":"follow","max-snippet":"max-snippet:-1","max-image-preview":"max-image-preview:large","max-video-preview":"max-video-preview:-1"},"canonical":"https:\/\/sprintri.com\/index.php\/challenge\/","og_locale":"fr_FR","og_type":"article","og_title":"Challenge - SPRINTRI\u00ae","og_url":"https:\/\/sprintri.com\/index.php\/challenge\/","og_site_name":"SPRINTRI\u00ae","article_modified_time":"2026-03-06T10:53:09+00:00","twitter_card":"summary_large_image","twitter_misc":{"Dur\u00e9e de lecture estim\u00e9e":"2 minutes"},"schema":{"@context":"https:\/\/schema.org","@graph":[{"@type":"WebPage","@id":"https:\/\/sprintri.com\/index.php\/challenge\/","url":"https:\/\/sprintri.com\/index.php\/challenge\/","name":"Challenge - SPRINTRI\u00ae","isPartOf":{"@id":"https:\/\/sprintri.com\/#website"},"datePublished":"2025-09-19T13:56:38+00:00","dateModified":"2026-03-06T10:53:09+00:00","breadcrumb":{"@id":"https:\/\/sprintri.com\/index.php\/challenge\/#breadcrumb"},"inLanguage":"fr-FR","potentialAction":[{"@type":"ReadAction","target":["https:\/\/sprintri.com\/index.php\/challenge\/"]}]},{"@type":"BreadcrumbList","@id":"https:\/\/sprintri.com\/index.php\/challenge\/#breadcrumb","itemListElement":[{"@type":"ListItem","position":1,"name":"Accueil","item":"https:\/\/sprintri.com\/"},{"@type":"ListItem","position":2,"name":"Challenge"}]},{"@type":"WebSite","@id":"https:\/\/sprintri.com\/#website","url":"https:\/\/sprintri.com\/","name":"Sprintri.com","description":"","publisher":{"@id":"https:\/\/sprintri.com\/#organization"},"potentialAction":[{"@type":"SearchAction","target":{"@type":"EntryPoint","urlTemplate":"https:\/\/sprintri.com\/?s={search_term_string}"},"query-input":{"@type":"PropertyValueSpecification","valueRequired":true,"valueName":"search_term_string"}}],"inLanguage":"fr-FR"},{"@type":"Organization","@id":"https:\/\/sprintri.com\/#organization","name":"Sprintri","url":"https:\/\/sprintri.com\/","logo":{"@type":"ImageObject","inLanguage":"fr-FR","@id":"https:\/\/sprintri.com\/#\/schema\/logo\/image\/","url":"https:\/\/sprintri.com\/wp-content\/uploads\/2025\/09\/logo-sprintri-base-blanc.png","contentUrl":"https:\/\/sprintri.com\/wp-content\/uploads\/2025\/09\/logo-sprintri-base-blanc.png","width":1500,"height":370,"caption":"Sprintri"},"image":{"@id":"https:\/\/sprintri.com\/#\/schema\/logo\/image\/"}}]}},"_links":{"self":[{"href":"https:\/\/sprintri.com\/index.php\/wp-json\/wp\/v2\/pages\/547","targetHints":{"allow":["GET"]}}],"collection":[{"href":"https:\/\/sprintri.com\/index.php\/wp-json\/wp\/v2\/pages"}],"about":[{"href":"https:\/\/sprintri.com\/index.php\/wp-json\/wp\/v2\/types\/page"}],"author":[{"embeddable":true,"href":"https:\/\/sprintri.com\/index.php\/wp-json\/wp\/v2\/users\/2"}],"replies":[{"embeddable":true,"href":"https:\/\/sprintri.com\/index.php\/wp-json\/wp\/v2\/comments?post=547"}],"version-history":[{"count":14,"href":"https:\/\/sprintri.com\/index.php\/wp-json\/wp\/v2\/pages\/547\/revisions"}],"predecessor-version":[{"id":865,"href":"https:\/\/sprintri.com\/index.php\/wp-json\/wp\/v2\/pages\/547\/revisions\/865"}],"wp:attachment":[{"href":"https:\/\/sprintri.com\/index.php\/wp-json\/wp\/v2\/media?parent=547"}],"curies":[{"name":"wp","href":"https:\/\/api.w.org\/{rel}","templated":true}]}}