{"id":545,"date":"2025-09-19T13:56:26","date_gmt":"2025-09-19T13:56:26","guid":{"rendered":"https:\/\/sprintri.com\/?page_id=545"},"modified":"2026-03-06T10:45:40","modified_gmt":"2026-03-06T10:45:40","slug":"sprintri-pour-tous","status":"publish","type":"page","link":"https:\/\/sprintri.com\/index.php\/sprintri-pour-tous\/","title":{"rendered":"Sprintri pour tous"},"content":{"rendered":"\n<section id=\"services\" class=\"wp-block-themeisle-blocks-advanced-columns alignfull has-1-columns has-desktop-equal-layout has-tablet-equal-layout has-mobile-equal-layout has-vertical-flex-start has-dark-bg\"><div class=\"wp-block-themeisle-blocks-advanced-columns-overlay\"><\/div><div class=\"innerblocks-wrap\">\n<div id=\"wp-block-themeisle-blocks-advanced-column-9642dc3f\" class=\"wp-block-themeisle-blocks-advanced-column\">\n<section id=\"wp-block-themeisle-blocks-advanced-columns-62d68e08\" class=\"wp-block-themeisle-blocks-advanced-columns has-1-columns has-desktop-equal-layout has-tablet-equal-layout has-mobile-equal-layout has-vertical-flex-start\"><div class=\"wp-block-themeisle-blocks-advanced-columns-overlay\"><\/div><div class=\"innerblocks-wrap\">\n<div id=\"wp-block-themeisle-blocks-advanced-column-ba020b38\" class=\"wp-block-themeisle-blocks-advanced-column\">\n<h3 class=\"wp-block-heading has-text-align-center has-white-color has-text-color\">SAMEDI 16 MAI 2026<\/h3>\n\n\n\n<h1 class=\"wp-block-heading has-text-align-center has-white-color has-text-color\">RANDO TRI SPRINTRI POUR TOUS<\/h1>\n\n\n\n<p class=\"has-text-align-center has-white-color has-text-color\">Sous la forme d\u2019une Rando Triathlon, le Sprintri pour Tous est une activit\u00e9 accessible \u00e0 tous d\u00e8s la naissance, pour s\u2019amuser en famille ou entre amis. Sans chrono, sans pression, juste le plaisir de nager, p\u00e9daler et courir \u00e0 son rythme ! Une pratique libre, ludique et conviviale, ouverte \u00e0 tous les niveaux.<\/p>\n\n\n\n<div style=\"height:20px\" aria-hidden=\"true\" class=\"wp-block-spacer\"><\/div>\n<\/div>\n<\/div><\/section>\n\n\n\n<div style=\"height:20px\" aria-hidden=\"true\" class=\"wp-block-spacer\"><\/div>\n\n\n\n<section id=\"wp-block-themeisle-blocks-advanced-columns-c568fbc0\" class=\"wp-block-themeisle-blocks-advanced-columns has-3-columns has-desktop-equal-layout has-tablet-equal-layout has-mobile-collapsedRows-layout has-vertical-flex-start\"><div class=\"wp-block-themeisle-blocks-advanced-columns-overlay\"><\/div><div class=\"innerblocks-wrap\">\n<div id=\"wp-block-themeisle-blocks-advanced-column-645429cb\" class=\"wp-block-themeisle-blocks-advanced-column\">\n<h3 id=\"wp-block-themeisle-blocks-advanced-heading-21fcd68f\" class=\"wp-block-themeisle-blocks-advanced-heading wp-block-themeisle-blocks-advanced-heading-21fcd68f\">NATATION<\/h3>\n\n\n\n<p class=\"has-text-align-center has-white-color has-text-color\">20 \u00e0 100 METRES<\/p>\n<\/div>\n\n\n\n<div id=\"wp-block-themeisle-blocks-advanced-column-46197171\" class=\"wp-block-themeisle-blocks-advanced-column\">\n<h3 id=\"wp-block-themeisle-blocks-advanced-heading-2ec6c5e2\" class=\"wp-block-themeisle-blocks-advanced-heading wp-block-themeisle-blocks-advanced-heading-2ec6c5e2\">VELO<\/h3>\n\n\n\n<p class=\"has-text-align-center has-white-color has-text-color\">1 KILOMETRES<\/p>\n<\/div>\n\n\n\n<div id=\"wp-block-themeisle-blocks-advanced-column-7465c66f\" class=\"wp-block-themeisle-blocks-advanced-column\">\n<h3 id=\"wp-block-themeisle-blocks-advanced-heading-24bf7e06\" class=\"wp-block-themeisle-blocks-advanced-heading wp-block-themeisle-blocks-advanced-heading-24bf7e06\">COURSE A PIED<\/h3>\n\n\n\n<p class=\"has-text-align-center has-white-color has-text-color\">500 METRES<\/p>\n<\/div>\n<\/div><\/section>\n<\/div>\n<\/div><\/section>\n\n\n\n<div id=\"wp-block-themeisle-blocks-advanced-columns-0756495c\" class=\"wp-block-themeisle-blocks-advanced-columns alignfull has-3-columns has-desktop-equal-layout has-tablet-equal-layout has-mobile-collapsedRows-layout has-vertical-unset has-light-bg\"><div class=\"wp-block-themeisle-blocks-advanced-columns-overlay\"><\/div><div class=\"innerblocks-wrap\">\n<div id=\"wp-block-themeisle-blocks-advanced-column-6e902b2a\" class=\"wp-block-themeisle-blocks-advanced-column has-light-bg\"><p><iframe width=\"100%\" height=\"650\" loading=\"lazy\" src=\"https:\/\/www.openrunner.com\/embed.html?code=644a766879574e563034344c567375776968633545424a645a7a465452354378455a6d6b5a4561434d56553d3a3a2ec1be9afb382b41450904f14a04aa9e&#038;lang=fr&#038;unit=metric\" style=\"border: none;\"><\/iframe><\/p>\n<\/div>\n\n\n\n<div id=\"wp-block-themeisle-blocks-advanced-column-33e99253\" class=\"wp-block-themeisle-blocks-advanced-column has-light-bg\"><p><iframe width=\"100%\" height=\"650\" loading=\"lazy\" src=\"https:\/\/www.openrunner.com\/embed.html?code=615971336575377576366e6368335556366373544679506a7477665145546833565535566e6b59625770593d3a3abe0f370efeda9b0c5a6f5a24e2204a81&#038;lang=fr&#038;unit=metric\" style=\"border: none;\"><\/iframe><\/p>\n<\/div>\n\n\n\n<div id=\"wp-block-themeisle-blocks-advanced-column-2b312319\" class=\"wp-block-themeisle-blocks-advanced-column has-light-bg\"><p><iframe width=\"100%\" height=\"650\" loading=\"lazy\" src=\"https:\/\/www.openrunner.com\/embed.html?code=776d5843535334545741504f434565304f2b694674694f36363242644e595a587635792b4f6b706e6a6f733d3a3a49a2732bb07213592f2e2c7d5d549f8b&#038;lang=fr&#038;unit=metric\" style=\"border: none;\"><\/iframe><\/p>\n<\/div>\n<\/div><\/div>\n\n\n\n<div id=\"wp-block-themeisle-blocks-timeline-6871ad75\" class=\"wp-block-themeisle-blocks-timeline\"><div class=\"o-timeline-root\">\n<div id=\"wp-block-themeisle-blocks-timeline-item-c44cae68\" class=\"wp-block-themeisle-blocks-timeline-item\"><div class=\"o-timeline-container\"><div class=\"o-timeline-icon\"><i class=\"fas fa-circle\"><\/i><\/div><div class=\"o-timeline-content\">\n<p class=\"has-small-font-size\"><strong>SAMEDI 16 MAI 2026<\/strong><\/p>\n\n\n\n<h3 class=\"wp-block-heading\">10h \u00e0 12h<\/h3>\n\n\n\n<p>Accueil et retrait des dossards<\/p>\n<\/div><\/div><\/div>\n\n\n\n<div id=\"wp-block-themeisle-blocks-timeline-item-85182e66\" class=\"wp-block-themeisle-blocks-timeline-item\"><div class=\"o-timeline-container\"><div class=\"o-timeline-icon\"><i class=\"fas fa-circle\"><\/i><\/div><div class=\"o-timeline-content\">\n<p class=\"has-small-font-size\"><strong>SAMEDI 16 MAI 2026<\/strong><\/p>\n\n\n\n<h3 class=\"wp-block-heading\">11h30h \u00e0 11h50<\/h3>\n\n\n\n<p>Ouverture du parc \u00e0 v\u00e9lo<\/p>\n<\/div><\/div><\/div>\n\n\n\n<div id=\"wp-block-themeisle-blocks-timeline-item-374449c3\" class=\"wp-block-themeisle-blocks-timeline-item\"><div class=\"o-timeline-container\"><div class=\"o-timeline-icon\"><i class=\"fas fa-circle\"><\/i><\/div><div class=\"o-timeline-content\">\n<p class=\"has-small-font-size\"><strong>SAMEDI 16 MAI 2026<\/strong><\/p>\n\n\n\n<h3 class=\"wp-block-heading\">11h55<\/h3>\n\n\n\n<p>Briefing + protocole de d\u00e9part<\/p>\n<\/div><\/div><\/div>\n\n\n\n<div id=\"wp-block-themeisle-blocks-timeline-item-1634548e\" class=\"wp-block-themeisle-blocks-timeline-item\"><div class=\"o-timeline-container\"><div class=\"o-timeline-icon\"><i class=\"fas fa-circle\"><\/i><\/div><div class=\"o-timeline-content\">\n<p class=\"has-small-font-size\"><strong>SAMEDI 16 MAI 2026<\/strong><\/p>\n\n\n\n<h3 class=\"wp-block-heading\"><strong>12h<\/strong><\/h3>\n\n\n\n<p>D\u00e9but de la pratique libre<\/p>\n<\/div><\/div><\/div>\n\n\n\n<div id=\"wp-block-themeisle-blocks-timeline-item-8e2c2797\" class=\"wp-block-themeisle-blocks-timeline-item\"><div class=\"o-timeline-container\"><div class=\"o-timeline-icon\"><i class=\"fas fa-circle\"><\/i><\/div><div class=\"o-timeline-content\">\n<p class=\"has-small-font-size\"><strong>SAMEDI 16 MAI 2026<\/strong><\/p>\n\n\n\n<h3 class=\"wp-block-heading\">12h30<\/h3>\n\n\n\n<p>Fin de la pratique libre<\/p>\n<\/div><\/div><\/div>\n\n\n\n<div id=\"wp-block-themeisle-blocks-timeline-item-47156b1b\" class=\"wp-block-themeisle-blocks-timeline-item\"><div class=\"o-timeline-container\"><div class=\"o-timeline-icon\"><i class=\"fas fa-circle\"><\/i><\/div><div class=\"o-timeline-content\">\n<p class=\"has-small-font-size\"><strong>SAMEDI 16 MAI 2026<\/strong><\/p>\n\n\n\n<h3 class=\"wp-block-heading\">12h30<\/h3>\n\n\n\n<p>Ouverture du parc \u00e0 v\u00e9lo<\/p>\n<\/div><\/div><\/div>\n\n\n\n<div id=\"wp-block-themeisle-blocks-timeline-item-f6cf01e7\" class=\"wp-block-themeisle-blocks-timeline-item\"><div class=\"o-timeline-container\"><div class=\"o-timeline-icon\"><i class=\"fas fa-circle\"><\/i><\/div><div class=\"o-timeline-content\">\n<p class=\"has-small-font-size\"><strong>SAMEDI 16 MAI 2026<\/strong><\/p>\n\n\n\n<h3 class=\"wp-block-heading\">12h30<\/h3>\n\n\n\n<p>Remise des dipl\u00f4mes<\/p>\n<\/div><\/div><\/div>\n<\/div><\/div>\n","protected":false},"excerpt":{"rendered":"","protected":false},"author":2,"featured_media":0,"parent":0,"menu_order":0,"comment_status":"closed","ping_status":"closed","template":"","meta":{"neve_meta_sidebar":"","neve_meta_container":"","neve_meta_enable_content_width":"","neve_meta_content_width":0,"neve_meta_title_alignment":"","neve_meta_author_avatar":"","neve_post_elements_order":"","neve_meta_disable_header":"","neve_meta_disable_footer":"","neve_meta_disable_title":"on","_themeisle_gutenberg_block_has_review":false,"footnotes":""},"class_list":["post-545","page","type-page","status-publish","hentry"],"yoast_head":"<!-- This site is optimized with the Yoast SEO plugin v25.9 - https:\/\/yoast.com\/wordpress\/plugins\/seo\/ -->\n<title>Sprintri pour tous - SPRINTRI\u00ae<\/title>\n<meta name=\"robots\" content=\"index, follow, max-snippet:-1, max-image-preview:large, max-video-preview:-1\" \/>\n<link rel=\"canonical\" href=\"https:\/\/sprintri.com\/index.php\/sprintri-pour-tous\/\" \/>\n<meta property=\"og:locale\" content=\"fr_FR\" \/>\n<meta property=\"og:type\" content=\"article\" \/>\n<meta property=\"og:title\" content=\"Sprintri pour tous - SPRINTRI\u00ae\" \/>\n<meta property=\"og:url\" content=\"https:\/\/sprintri.com\/index.php\/sprintri-pour-tous\/\" \/>\n<meta property=\"og:site_name\" content=\"SPRINTRI\u00ae\" \/>\n<meta property=\"article:modified_time\" content=\"2026-03-06T10:45:40+00:00\" \/>\n<meta name=\"twitter:card\" content=\"summary_large_image\" \/>\n<script type=\"application\/ld+json\" class=\"yoast-schema-graph\">{\"@context\":\"https:\/\/schema.org\",\"@graph\":[{\"@type\":\"WebPage\",\"@id\":\"https:\/\/sprintri.com\/index.php\/sprintri-pour-tous\/\",\"url\":\"https:\/\/sprintri.com\/index.php\/sprintri-pour-tous\/\",\"name\":\"Sprintri pour tous - SPRINTRI\u00ae\",\"isPartOf\":{\"@id\":\"https:\/\/sprintri.com\/#website\"},\"datePublished\":\"2025-09-19T13:56:26+00:00\",\"dateModified\":\"2026-03-06T10:45:40+00:00\",\"breadcrumb\":{\"@id\":\"https:\/\/sprintri.com\/index.php\/sprintri-pour-tous\/#breadcrumb\"},\"inLanguage\":\"fr-FR\",\"potentialAction\":[{\"@type\":\"ReadAction\",\"target\":[\"https:\/\/sprintri.com\/index.php\/sprintri-pour-tous\/\"]}]},{\"@type\":\"BreadcrumbList\",\"@id\":\"https:\/\/sprintri.com\/index.php\/sprintri-pour-tous\/#breadcrumb\",\"itemListElement\":[{\"@type\":\"ListItem\",\"position\":1,\"name\":\"Accueil\",\"item\":\"https:\/\/sprintri.com\/\"},{\"@type\":\"ListItem\",\"position\":2,\"name\":\"Sprintri pour tous\"}]},{\"@type\":\"WebSite\",\"@id\":\"https:\/\/sprintri.com\/#website\",\"url\":\"https:\/\/sprintri.com\/\",\"name\":\"Sprintri.com\",\"description\":\"\",\"publisher\":{\"@id\":\"https:\/\/sprintri.com\/#organization\"},\"potentialAction\":[{\"@type\":\"SearchAction\",\"target\":{\"@type\":\"EntryPoint\",\"urlTemplate\":\"https:\/\/sprintri.com\/?s={search_term_string}\"},\"query-input\":{\"@type\":\"PropertyValueSpecification\",\"valueRequired\":true,\"valueName\":\"search_term_string\"}}],\"inLanguage\":\"fr-FR\"},{\"@type\":\"Organization\",\"@id\":\"https:\/\/sprintri.com\/#organization\",\"name\":\"Sprintri\",\"url\":\"https:\/\/sprintri.com\/\",\"logo\":{\"@type\":\"ImageObject\",\"inLanguage\":\"fr-FR\",\"@id\":\"https:\/\/sprintri.com\/#\/schema\/logo\/image\/\",\"url\":\"https:\/\/sprintri.com\/wp-content\/uploads\/2025\/09\/logo-sprintri-base-blanc.png\",\"contentUrl\":\"https:\/\/sprintri.com\/wp-content\/uploads\/2025\/09\/logo-sprintri-base-blanc.png\",\"width\":1500,\"height\":370,\"caption\":\"Sprintri\"},\"image\":{\"@id\":\"https:\/\/sprintri.com\/#\/schema\/logo\/image\/\"}}]}<\/script>\n<!-- \/ Yoast SEO plugin. -->","yoast_head_json":{"title":"Sprintri pour tous - SPRINTRI\u00ae","robots":{"index":"index","follow":"follow","max-snippet":"max-snippet:-1","max-image-preview":"max-image-preview:large","max-video-preview":"max-video-preview:-1"},"canonical":"https:\/\/sprintri.com\/index.php\/sprintri-pour-tous\/","og_locale":"fr_FR","og_type":"article","og_title":"Sprintri pour tous - SPRINTRI\u00ae","og_url":"https:\/\/sprintri.com\/index.php\/sprintri-pour-tous\/","og_site_name":"SPRINTRI\u00ae","article_modified_time":"2026-03-06T10:45:40+00:00","twitter_card":"summary_large_image","schema":{"@context":"https:\/\/schema.org","@graph":[{"@type":"WebPage","@id":"https:\/\/sprintri.com\/index.php\/sprintri-pour-tous\/","url":"https:\/\/sprintri.com\/index.php\/sprintri-pour-tous\/","name":"Sprintri pour tous - SPRINTRI\u00ae","isPartOf":{"@id":"https:\/\/sprintri.com\/#website"},"datePublished":"2025-09-19T13:56:26+00:00","dateModified":"2026-03-06T10:45:40+00:00","breadcrumb":{"@id":"https:\/\/sprintri.com\/index.php\/sprintri-pour-tous\/#breadcrumb"},"inLanguage":"fr-FR","potentialAction":[{"@type":"ReadAction","target":["https:\/\/sprintri.com\/index.php\/sprintri-pour-tous\/"]}]},{"@type":"BreadcrumbList","@id":"https:\/\/sprintri.com\/index.php\/sprintri-pour-tous\/#breadcrumb","itemListElement":[{"@type":"ListItem","position":1,"name":"Accueil","item":"https:\/\/sprintri.com\/"},{"@type":"ListItem","position":2,"name":"Sprintri pour tous"}]},{"@type":"WebSite","@id":"https:\/\/sprintri.com\/#website","url":"https:\/\/sprintri.com\/","name":"Sprintri.com","description":"","publisher":{"@id":"https:\/\/sprintri.com\/#organization"},"potentialAction":[{"@type":"SearchAction","target":{"@type":"EntryPoint","urlTemplate":"https:\/\/sprintri.com\/?s={search_term_string}"},"query-input":{"@type":"PropertyValueSpecification","valueRequired":true,"valueName":"search_term_string"}}],"inLanguage":"fr-FR"},{"@type":"Organization","@id":"https:\/\/sprintri.com\/#organization","name":"Sprintri","url":"https:\/\/sprintri.com\/","logo":{"@type":"ImageObject","inLanguage":"fr-FR","@id":"https:\/\/sprintri.com\/#\/schema\/logo\/image\/","url":"https:\/\/sprintri.com\/wp-content\/uploads\/2025\/09\/logo-sprintri-base-blanc.png","contentUrl":"https:\/\/sprintri.com\/wp-content\/uploads\/2025\/09\/logo-sprintri-base-blanc.png","width":1500,"height":370,"caption":"Sprintri"},"image":{"@id":"https:\/\/sprintri.com\/#\/schema\/logo\/image\/"}}]}},"_links":{"self":[{"href":"https:\/\/sprintri.com\/index.php\/wp-json\/wp\/v2\/pages\/545","targetHints":{"allow":["GET"]}}],"collection":[{"href":"https:\/\/sprintri.com\/index.php\/wp-json\/wp\/v2\/pages"}],"about":[{"href":"https:\/\/sprintri.com\/index.php\/wp-json\/wp\/v2\/types\/page"}],"author":[{"embeddable":true,"href":"https:\/\/sprintri.com\/index.php\/wp-json\/wp\/v2\/users\/2"}],"replies":[{"embeddable":true,"href":"https:\/\/sprintri.com\/index.php\/wp-json\/wp\/v2\/comments?post=545"}],"version-history":[{"count":6,"href":"https:\/\/sprintri.com\/index.php\/wp-json\/wp\/v2\/pages\/545\/revisions"}],"predecessor-version":[{"id":860,"href":"https:\/\/sprintri.com\/index.php\/wp-json\/wp\/v2\/pages\/545\/revisions\/860"}],"wp:attachment":[{"href":"https:\/\/sprintri.com\/index.php\/wp-json\/wp\/v2\/media?parent=545"}],"curies":[{"name":"wp","href":"https:\/\/api.w.org\/{rel}","templated":true}]}}