{"id":539,"date":"2025-09-19T13:55:14","date_gmt":"2025-09-19T13:55:14","guid":{"rendered":"https:\/\/sprintri.com\/?page_id=539"},"modified":"2026-03-06T11:47:02","modified_gmt":"2026-03-06T11:47:02","slug":"open-m","status":"publish","type":"page","link":"https:\/\/sprintri.com\/index.php\/open-m\/","title":{"rendered":"Open M"},"content":{"rendered":"\n<section id=\"services\" class=\"wp-block-themeisle-blocks-advanced-columns alignfull has-1-columns has-desktop-equal-layout has-tablet-equal-layout has-mobile-equal-layout has-vertical-flex-start has-dark-bg\"><div class=\"wp-block-themeisle-blocks-advanced-columns-overlay\"><\/div><div class=\"innerblocks-wrap\">\n<div id=\"wp-block-themeisle-blocks-advanced-column-9642dc3f\" class=\"wp-block-themeisle-blocks-advanced-column\">\n<section id=\"wp-block-themeisle-blocks-advanced-columns-62d68e08\" class=\"wp-block-themeisle-blocks-advanced-columns has-1-columns has-desktop-equal-layout has-tablet-equal-layout has-mobile-equal-layout has-vertical-flex-start\"><div class=\"wp-block-themeisle-blocks-advanced-columns-overlay\"><\/div><div class=\"innerblocks-wrap\">\n<div id=\"wp-block-themeisle-blocks-advanced-column-ba020b38\" class=\"wp-block-themeisle-blocks-advanced-column\">\n<h3 class=\"wp-block-heading has-text-align-center has-white-color has-text-color\">DIMANCHE 17 MAI 2026<\/h3>\n\n\n\n<h1 class=\"wp-block-heading has-text-align-center has-white-color has-text-color\">M<\/h1>\n\n\n\n<p class=\"has-text-align-center has-white-color has-text-color\">Envie d\u2019un nouveau d\u00e9fi ? Rejoignez le Triathlon Open M ! Un parcours v\u00e9lo vallonn\u00e9 et sans drafting, ouvert \u00e0 tous les passionn\u00e9s. Mettez \u00e0 l\u2019\u00e9preuve votre endurance et votre d\u00e9termination sur un format olympique exigeant et exaltant !<\/p>\n\n\n\n<div style=\"height:20px\" aria-hidden=\"true\" class=\"wp-block-spacer\"><\/div>\n<\/div>\n<\/div><\/section>\n\n\n\n<div style=\"height:20px\" aria-hidden=\"true\" class=\"wp-block-spacer\"><\/div>\n\n\n\n<section id=\"wp-block-themeisle-blocks-advanced-columns-c568fbc0\" class=\"wp-block-themeisle-blocks-advanced-columns has-3-columns has-desktop-equal-layout has-tablet-equal-layout has-mobile-collapsedRows-layout has-vertical-flex-start\"><div class=\"wp-block-themeisle-blocks-advanced-columns-overlay\"><\/div><div class=\"innerblocks-wrap\">\n<div id=\"wp-block-themeisle-blocks-advanced-column-645429cb\" class=\"wp-block-themeisle-blocks-advanced-column\">\n<h3 id=\"wp-block-themeisle-blocks-advanced-heading-21fcd68f\" class=\"wp-block-themeisle-blocks-advanced-heading wp-block-themeisle-blocks-advanced-heading-21fcd68f\">NATATION<\/h3>\n\n\n\n<p class=\"has-text-align-center has-white-color has-text-color\">1500 METRES<\/p>\n<\/div>\n\n\n\n<div id=\"wp-block-themeisle-blocks-advanced-column-46197171\" class=\"wp-block-themeisle-blocks-advanced-column\">\n<h3 id=\"wp-block-themeisle-blocks-advanced-heading-2ec6c5e2\" class=\"wp-block-themeisle-blocks-advanced-heading wp-block-themeisle-blocks-advanced-heading-2ec6c5e2\">VELO<\/h3>\n\n\n\n<p class=\"has-text-align-center has-white-color has-text-color\">40 KILOMETRES<\/p>\n<\/div>\n\n\n\n<div id=\"wp-block-themeisle-blocks-advanced-column-7465c66f\" class=\"wp-block-themeisle-blocks-advanced-column\">\n<h3 id=\"wp-block-themeisle-blocks-advanced-heading-24bf7e06\" class=\"wp-block-themeisle-blocks-advanced-heading wp-block-themeisle-blocks-advanced-heading-24bf7e06\">COURSE A PIED<\/h3>\n\n\n\n<p class=\"has-text-align-center has-white-color has-text-color\">10 KILOMETRES<\/p>\n<\/div>\n<\/div><\/section>\n<\/div>\n<\/div><\/section>\n\n\n\n<div id=\"wp-block-themeisle-blocks-advanced-columns-0756495c\" class=\"wp-block-themeisle-blocks-advanced-columns alignfull has-3-columns has-desktop-equal-layout has-tablet-equal-layout has-mobile-collapsedRows-layout has-vertical-unset has-light-bg\"><div class=\"wp-block-themeisle-blocks-advanced-columns-overlay\"><\/div><div class=\"innerblocks-wrap\">\n<div id=\"wp-block-themeisle-blocks-advanced-column-6e902b2a\" class=\"wp-block-themeisle-blocks-advanced-column has-light-bg\"><p><iframe width=\"100%\" height=\"650\" loading=\"lazy\" src=\"https:\/\/www.openrunner.com\/embed\/6c772b694c4c596d7a545033682b34424f344a35616b2b746d6a39304e4b623848413158637a77684c6c383d3a3a7071c2891d0ede6e7fbf9116d953eb8b?unit=metric\" style=\"border: none;\"><\/iframe><\/p>\n<\/div>\n\n\n\n<div id=\"wp-block-themeisle-blocks-advanced-column-33e99253\" class=\"wp-block-themeisle-blocks-advanced-column has-light-bg\"><p><iframe width=\"100%\" height=\"650\" loading=\"lazy\" src=\"https:\/\/www.openrunner.com\/embed\/54574437344762674565524c4a35484874464361555967496b423339507a5569726a365a51674c6a5643553d3a3ad90678f03d827affd28838889d962093?unit=metric\" style=\"border: none;\"><\/iframe><\/p>\n<\/div>\n\n\n\n<div id=\"wp-block-themeisle-blocks-advanced-column-2b312319\" class=\"wp-block-themeisle-blocks-advanced-column has-light-bg\"><p><iframe width=\"100%\" height=\"650\" loading=\"lazy\" src=\"https:\/\/www.openrunner.com\/embed\/4c50496856424f505962684f374e6d6c786b6c4b33576750744864344638456572304463617861663756303d3a3a0142139113ec2af02d386067be86972d?unit=metric\" style=\"border: none;\"><\/iframe><\/p>\n<\/div>\n<\/div><\/div>\n\n\n\n<div id=\"wp-block-themeisle-blocks-timeline-6871ad75\" class=\"wp-block-themeisle-blocks-timeline\"><div class=\"o-timeline-root\">\n<div id=\"wp-block-themeisle-blocks-timeline-item-c44cae68\" class=\"wp-block-themeisle-blocks-timeline-item\"><div class=\"o-timeline-container\"><div class=\"o-timeline-icon\"><i class=\"fas fa-circle\"><\/i><\/div><div class=\"o-timeline-content\">\n<p class=\"has-small-font-size\"><strong>DIMANCHE 17 MAI 2026<\/strong><\/p>\n\n\n\n<h3 class=\"wp-block-heading\">7h30 \u00e0 12h<\/h3>\n\n\n\n<p>Accueil et retrait des dossards<\/p>\n<\/div><\/div><\/div>\n\n\n\n<div id=\"wp-block-themeisle-blocks-timeline-item-85182e66\" class=\"wp-block-themeisle-blocks-timeline-item\"><div class=\"o-timeline-container\"><div class=\"o-timeline-icon\"><i class=\"fas fa-circle\"><\/i><\/div><div class=\"o-timeline-content\">\n<p class=\"has-small-font-size\"><strong><strong>DIMANCHE 17 MAI 2026<\/strong><\/strong><\/p>\n\n\n\n<h3 class=\"wp-block-heading\">12h45 \u00e0 13h30<\/h3>\n\n\n\n<p>Ouverture du parc \u00e0 v\u00e9lo<\/p>\n<\/div><\/div><\/div>\n\n\n\n<div id=\"wp-block-themeisle-blocks-timeline-item-374449c3\" class=\"wp-block-themeisle-blocks-timeline-item\"><div class=\"o-timeline-container\"><div class=\"o-timeline-icon\"><i class=\"fas fa-circle\"><\/i><\/div><div class=\"o-timeline-content\">\n<p class=\"has-small-font-size\"><strong><strong>DIMANCHE 17 MAI 2026<\/strong><\/strong><\/p>\n\n\n\n<h3 class=\"wp-block-heading\">13h45<\/h3>\n\n\n\n<p>Briefing + protocole de d\u00e9part&nbsp;Manche<\/p>\n<\/div><\/div><\/div>\n\n\n\n<div id=\"wp-block-themeisle-blocks-timeline-item-1634548e\" class=\"wp-block-themeisle-blocks-timeline-item\"><div class=\"o-timeline-container\"><div class=\"o-timeline-icon\"><i class=\"fas fa-circle\"><\/i><\/div><div class=\"o-timeline-content\">\n<p class=\"has-small-font-size\"><strong><strong>DIMANCHE 17 MAI 2026<\/strong><\/strong><\/p>\n\n\n\n<h3 class=\"wp-block-heading\"><strong>14h<\/strong><\/h3>\n\n\n\n<p>D\u00e9part Mass start<\/p>\n<\/div><\/div><\/div>\n\n\n\n<div id=\"wp-block-themeisle-blocks-timeline-item-8e2c2797\" class=\"wp-block-themeisle-blocks-timeline-item\"><div class=\"o-timeline-container\"><div class=\"o-timeline-icon\"><i class=\"fas fa-circle\"><\/i><\/div><div class=\"o-timeline-content\">\n<p class=\"has-small-font-size\"><strong><strong>DIMANCHE 17 MAI 2026<\/strong><\/strong><\/p>\n\n\n\n<h3 class=\"wp-block-heading\">18h<\/h3>\n\n\n\n<p>Arriv\u00e9e du dernier concurrent<\/p>\n<\/div><\/div><\/div>\n\n\n\n<div id=\"wp-block-themeisle-blocks-timeline-item-47156b1b\" class=\"wp-block-themeisle-blocks-timeline-item\"><div class=\"o-timeline-container\"><div class=\"o-timeline-icon\"><i class=\"fas fa-circle\"><\/i><\/div><div class=\"o-timeline-content\">\n<p class=\"has-small-font-size\"><strong><strong>DIMANCHE 17 MAI 2026<\/strong><\/strong><\/p>\n\n\n\n<h3 class=\"wp-block-heading\">18h15<\/h3>\n\n\n\n<p>Ouverture du parc \u00e0 v\u00e9lo<\/p>\n<\/div><\/div><\/div>\n\n\n\n<div id=\"wp-block-themeisle-blocks-timeline-item-f6cf01e7\" class=\"wp-block-themeisle-blocks-timeline-item\"><div class=\"o-timeline-container\"><div class=\"o-timeline-icon\"><i class=\"fas fa-circle\"><\/i><\/div><div class=\"o-timeline-content\">\n<p class=\"has-small-font-size\"><strong><strong>DIMANCHE 17 MAI 2026<\/strong><\/strong><\/p>\n\n\n\n<h3 class=\"wp-block-heading\">18h30<\/h3>\n\n\n\n<p>Podium<\/p>\n<\/div><\/div><\/div>\n<\/div><\/div>\n","protected":false},"excerpt":{"rendered":"","protected":false},"author":2,"featured_media":0,"parent":0,"menu_order":0,"comment_status":"closed","ping_status":"closed","template":"","meta":{"neve_meta_sidebar":"","neve_meta_container":"","neve_meta_enable_content_width":"","neve_meta_content_width":0,"neve_meta_title_alignment":"","neve_meta_author_avatar":"","neve_post_elements_order":"","neve_meta_disable_header":"","neve_meta_disable_footer":"","neve_meta_disable_title":"on","_themeisle_gutenberg_block_has_review":false,"footnotes":""},"class_list":["post-539","page","type-page","status-publish","hentry"],"yoast_head":"<!-- This site is optimized with the Yoast SEO plugin v25.9 - https:\/\/yoast.com\/wordpress\/plugins\/seo\/ -->\n<title>Open M - SPRINTRI\u00ae<\/title>\n<meta name=\"robots\" content=\"index, follow, max-snippet:-1, max-image-preview:large, max-video-preview:-1\" \/>\n<link rel=\"canonical\" href=\"https:\/\/sprintri.com\/index.php\/open-m\/\" \/>\n<meta property=\"og:locale\" content=\"fr_FR\" \/>\n<meta property=\"og:type\" content=\"article\" \/>\n<meta property=\"og:title\" content=\"Open M - SPRINTRI\u00ae\" \/>\n<meta property=\"og:url\" content=\"https:\/\/sprintri.com\/index.php\/open-m\/\" \/>\n<meta property=\"og:site_name\" content=\"SPRINTRI\u00ae\" \/>\n<meta property=\"article:modified_time\" content=\"2026-03-06T11:47:02+00:00\" \/>\n<meta name=\"twitter:card\" content=\"summary_large_image\" \/>\n<meta name=\"twitter:label1\" content=\"Dur\u00e9e de lecture estim\u00e9e\" \/>\n\t<meta name=\"twitter:data1\" content=\"1 minute\" \/>\n<script type=\"application\/ld+json\" class=\"yoast-schema-graph\">{\"@context\":\"https:\/\/schema.org\",\"@graph\":[{\"@type\":\"WebPage\",\"@id\":\"https:\/\/sprintri.com\/index.php\/open-m\/\",\"url\":\"https:\/\/sprintri.com\/index.php\/open-m\/\",\"name\":\"Open M - SPRINTRI\u00ae\",\"isPartOf\":{\"@id\":\"https:\/\/sprintri.com\/#website\"},\"datePublished\":\"2025-09-19T13:55:14+00:00\",\"dateModified\":\"2026-03-06T11:47:02+00:00\",\"breadcrumb\":{\"@id\":\"https:\/\/sprintri.com\/index.php\/open-m\/#breadcrumb\"},\"inLanguage\":\"fr-FR\",\"potentialAction\":[{\"@type\":\"ReadAction\",\"target\":[\"https:\/\/sprintri.com\/index.php\/open-m\/\"]}]},{\"@type\":\"BreadcrumbList\",\"@id\":\"https:\/\/sprintri.com\/index.php\/open-m\/#breadcrumb\",\"itemListElement\":[{\"@type\":\"ListItem\",\"position\":1,\"name\":\"Accueil\",\"item\":\"https:\/\/sprintri.com\/\"},{\"@type\":\"ListItem\",\"position\":2,\"name\":\"Open M\"}]},{\"@type\":\"WebSite\",\"@id\":\"https:\/\/sprintri.com\/#website\",\"url\":\"https:\/\/sprintri.com\/\",\"name\":\"Sprintri.com\",\"description\":\"\",\"publisher\":{\"@id\":\"https:\/\/sprintri.com\/#organization\"},\"potentialAction\":[{\"@type\":\"SearchAction\",\"target\":{\"@type\":\"EntryPoint\",\"urlTemplate\":\"https:\/\/sprintri.com\/?s={search_term_string}\"},\"query-input\":{\"@type\":\"PropertyValueSpecification\",\"valueRequired\":true,\"valueName\":\"search_term_string\"}}],\"inLanguage\":\"fr-FR\"},{\"@type\":\"Organization\",\"@id\":\"https:\/\/sprintri.com\/#organization\",\"name\":\"Sprintri\",\"url\":\"https:\/\/sprintri.com\/\",\"logo\":{\"@type\":\"ImageObject\",\"inLanguage\":\"fr-FR\",\"@id\":\"https:\/\/sprintri.com\/#\/schema\/logo\/image\/\",\"url\":\"https:\/\/sprintri.com\/wp-content\/uploads\/2025\/09\/logo-sprintri-base-blanc.png\",\"contentUrl\":\"https:\/\/sprintri.com\/wp-content\/uploads\/2025\/09\/logo-sprintri-base-blanc.png\",\"width\":1500,\"height\":370,\"caption\":\"Sprintri\"},\"image\":{\"@id\":\"https:\/\/sprintri.com\/#\/schema\/logo\/image\/\"}}]}<\/script>\n<!-- \/ Yoast SEO plugin. -->","yoast_head_json":{"title":"Open M - SPRINTRI\u00ae","robots":{"index":"index","follow":"follow","max-snippet":"max-snippet:-1","max-image-preview":"max-image-preview:large","max-video-preview":"max-video-preview:-1"},"canonical":"https:\/\/sprintri.com\/index.php\/open-m\/","og_locale":"fr_FR","og_type":"article","og_title":"Open M - SPRINTRI\u00ae","og_url":"https:\/\/sprintri.com\/index.php\/open-m\/","og_site_name":"SPRINTRI\u00ae","article_modified_time":"2026-03-06T11:47:02+00:00","twitter_card":"summary_large_image","twitter_misc":{"Dur\u00e9e de lecture estim\u00e9e":"1 minute"},"schema":{"@context":"https:\/\/schema.org","@graph":[{"@type":"WebPage","@id":"https:\/\/sprintri.com\/index.php\/open-m\/","url":"https:\/\/sprintri.com\/index.php\/open-m\/","name":"Open M - SPRINTRI\u00ae","isPartOf":{"@id":"https:\/\/sprintri.com\/#website"},"datePublished":"2025-09-19T13:55:14+00:00","dateModified":"2026-03-06T11:47:02+00:00","breadcrumb":{"@id":"https:\/\/sprintri.com\/index.php\/open-m\/#breadcrumb"},"inLanguage":"fr-FR","potentialAction":[{"@type":"ReadAction","target":["https:\/\/sprintri.com\/index.php\/open-m\/"]}]},{"@type":"BreadcrumbList","@id":"https:\/\/sprintri.com\/index.php\/open-m\/#breadcrumb","itemListElement":[{"@type":"ListItem","position":1,"name":"Accueil","item":"https:\/\/sprintri.com\/"},{"@type":"ListItem","position":2,"name":"Open M"}]},{"@type":"WebSite","@id":"https:\/\/sprintri.com\/#website","url":"https:\/\/sprintri.com\/","name":"Sprintri.com","description":"","publisher":{"@id":"https:\/\/sprintri.com\/#organization"},"potentialAction":[{"@type":"SearchAction","target":{"@type":"EntryPoint","urlTemplate":"https:\/\/sprintri.com\/?s={search_term_string}"},"query-input":{"@type":"PropertyValueSpecification","valueRequired":true,"valueName":"search_term_string"}}],"inLanguage":"fr-FR"},{"@type":"Organization","@id":"https:\/\/sprintri.com\/#organization","name":"Sprintri","url":"https:\/\/sprintri.com\/","logo":{"@type":"ImageObject","inLanguage":"fr-FR","@id":"https:\/\/sprintri.com\/#\/schema\/logo\/image\/","url":"https:\/\/sprintri.com\/wp-content\/uploads\/2025\/09\/logo-sprintri-base-blanc.png","contentUrl":"https:\/\/sprintri.com\/wp-content\/uploads\/2025\/09\/logo-sprintri-base-blanc.png","width":1500,"height":370,"caption":"Sprintri"},"image":{"@id":"https:\/\/sprintri.com\/#\/schema\/logo\/image\/"}}]}},"_links":{"self":[{"href":"https:\/\/sprintri.com\/index.php\/wp-json\/wp\/v2\/pages\/539","targetHints":{"allow":["GET"]}}],"collection":[{"href":"https:\/\/sprintri.com\/index.php\/wp-json\/wp\/v2\/pages"}],"about":[{"href":"https:\/\/sprintri.com\/index.php\/wp-json\/wp\/v2\/types\/page"}],"author":[{"embeddable":true,"href":"https:\/\/sprintri.com\/index.php\/wp-json\/wp\/v2\/users\/2"}],"replies":[{"embeddable":true,"href":"https:\/\/sprintri.com\/index.php\/wp-json\/wp\/v2\/comments?post=539"}],"version-history":[{"count":9,"href":"https:\/\/sprintri.com\/index.php\/wp-json\/wp\/v2\/pages\/539\/revisions"}],"predecessor-version":[{"id":866,"href":"https:\/\/sprintri.com\/index.php\/wp-json\/wp\/v2\/pages\/539\/revisions\/866"}],"wp:attachment":[{"href":"https:\/\/sprintri.com\/index.php\/wp-json\/wp\/v2\/media?parent=539"}],"curies":[{"name":"wp","href":"https:\/\/api.w.org\/{rel}","templated":true}]}}